{"id":642,"date":"2016-08-18T00:51:51","date_gmt":"2016-08-18T00:51:51","guid":{"rendered":"http:\/\/www.maklaryhumidors.com\/de\/?page_id=642"},"modified":"2016-08-18T00:51:51","modified_gmt":"2016-08-18T00:51:51","slug":"startseite","status":"publish","type":"page","link":"https:\/\/maklary.wpfejleszto.com\/de\/","title":{"rendered":"Startseite"},"content":{"rendered":"<p><div class=\"et_pb_section et_pb_section_parallax home-models flex-center et_section_regular\" style='background-color:#ffffff;'>\n\t\t\t\n\t\t\t\n\t\t\t\t\n\t\t\t\t<div class=\"et_pb_row\">\n\t\t\t<div class=\"et_pb_column et_pb_column_1_4\">\n\t\t\t<a href=\"http:\/\/www.maklaryhumidors.com\/de\/vertigo-de\/\"><img id=\"home-vertigo\" src=\"http:\/\/www.maklaryhumidors.com\/wp-content\/uploads\/2014\/11\/vertigo-home.jpg\" alt=\"\" class=\"et-waypoint et_pb_image et_pb_animation_off\" \/><\/a>\n\t\t<\/div> <!-- .et_pb_column --><div class=\"et_pb_column et_pb_column_1_4\">\n\t\t\t<a href=\"http:\/\/www.maklaryhumidors.com\/de\/medium-cabinet-de\/\"><img id=\"home-half-humidor\" src=\"http:\/\/www.maklaryhumidors.com\/wp-content\/uploads\/2014\/11\/half-humidor-home.jpg\" alt=\"\" class=\"et-waypoint et_pb_image et_pb_animation_off\" \/><\/a>\n\t\t<\/div> <!-- .et_pb_column --><div class=\"et_pb_column et_pb_column_1_4\">\n\t\t\t<a href=\"http:\/\/www.maklaryhumidors.com\/de\/grand-cigar-cabinet-de\/\"><img id=\"home-half-humidor\" src=\"http:\/\/www.maklaryhumidors.com\/wp-content\/uploads\/2014\/11\/grand-humidor-home2.jpg\" alt=\"\" class=\"et-waypoint et_pb_image et_pb_animation_off\" \/><\/a>\n\t\t<\/div> <!-- .et_pb_column --><div class=\"et_pb_column et_pb_column_1_4\">\n\t\t\t<a href=\"http:\/\/www.maklaryhumidors.com\/de\/grand-wine-humidor-de\/\"><img id=\"home-wine-humidor\" src=\"http:\/\/www.maklaryhumidors.com\/wp-content\/uploads\/2014\/11\/wine-humidor-home.jpg\" alt=\"Wine Humidor\" title=\"Wine Humidor\" class=\"et-waypoint et_pb_image et_pb_animation_off\" \/><\/a>\n\t\t<\/div> <!-- .et_pb_column -->\n\t\t<\/div> <!-- .et_pb_row -->\n\t\t\t\n\t\t<\/div> <!-- .et_pb_section --><div class=\"et_pb_section et_pb_fullwidth_section et_section_regular\">\n\t\t\t\n\t\t\t\n\t\t\t\t\n\t\t\t\t<section class=\"et_pb_fullwidth_header et_pb_bg_layout_dark et_pb_text_align_center\">\n\t\t\t<div class=\"et_pb_row\">\n\t\t\t\t<h1>Stil, Luxus und Professionalismus<\/h1>\n\t\t\t\t<p class=\"et_pb_fullwidth_header_subhead\">Angeregt von der wahren Liebe f\u00fcr Zigarren<\/p>\n\t\t\t<\/div>\n\t\t<\/section>\n\t\t\t\n\t\t<\/div> <!-- .et_pb_section --><div class=\"et_pb_section et_section_regular\">\n\t\t\t\n\t\t\t\n\t\t\t\t\n\t\t\t\t<div class=\"et_pb_row\">\n\t\t\t<div class=\"et_pb_column et_pb_column_4_4\">\n\t\t\t<div class=\"et_pb_text et_pb_bg_layout_dark et_pb_text_align_center\">\n\t\t\t\n<p style=\"text-align: center;\">Die Maklary Modellen werden alle aus hochwertigem Massivholz mit gr\u00f6\u00dfter Sorgfalt gefertigt, sie funktionieren fast v\u00f6llig lautlos. Zu unseren Schr\u00e4nken bieten wir Ihnen neben der entwickeltsten Basistechnologie digitalisierte Klimatisierung und Luftdesinfektion. Wir haben ein Meisterwerk geschaffen.<\/p>\n\n\t\t<\/div> <!-- .et_pb_text -->\n\t\t<\/div> <!-- .et_pb_column -->\n\t\t<\/div> <!-- .et_pb_row -->\n\t\t\t\n\t\t<\/div> <!-- .et_pb_section --><\/p>\n","protected":false},"excerpt":{"rendered":"","protected":false},"author":3,"featured_media":0,"parent":0,"menu_order":0,"comment_status":"open","ping_status":"closed","template":"","meta":[],"_links":{"self":[{"href":"https:\/\/maklary.wpfejleszto.com\/de\/wp-json\/wp\/v2\/pages\/642"}],"collection":[{"href":"https:\/\/maklary.wpfejleszto.com\/de\/wp-json\/wp\/v2\/pages"}],"about":[{"href":"https:\/\/maklary.wpfejleszto.com\/de\/wp-json\/wp\/v2\/types\/page"}],"author":[{"embeddable":true,"href":"https:\/\/maklary.wpfejleszto.com\/de\/wp-json\/wp\/v2\/users\/3"}],"replies":[{"embeddable":true,"href":"https:\/\/maklary.wpfejleszto.com\/de\/wp-json\/wp\/v2\/comments?post=642"}],"version-history":[{"count":1,"href":"https:\/\/maklary.wpfejleszto.com\/de\/wp-json\/wp\/v2\/pages\/642\/revisions"}],"predecessor-version":[{"id":643,"href":"https:\/\/maklary.wpfejleszto.com\/de\/wp-json\/wp\/v2\/pages\/642\/revisions\/643"}],"wp:attachment":[{"href":"https:\/\/maklary.wpfejleszto.com\/de\/wp-json\/wp\/v2\/media?parent=642"}],"curies":[{"name":"wp","href":"https:\/\/api.w.org\/{rel}","templated":true}]}}