{"id":671,"date":"2016-08-18T01:14:44","date_gmt":"2016-08-18T01:14:44","guid":{"rendered":"http:\/\/www.maklaryhumidors.com\/de\/?page_id=671"},"modified":"2016-08-18T01:15:14","modified_gmt":"2016-08-18T01:15:14","slug":"medium-cabinet-de","status":"publish","type":"page","link":"https:\/\/maklary.wpfejleszto.com\/de\/medium-cabinet-de\/","title":{"rendered":"Medium Cabinet"},"content":{"rendered":"<p><div class=\"et_pb_section et_pb_fullwidth_section full-screen  et_section_regular\" style='background-color:#000000;'>\n\t\t\t\n\t\t\t\n\t\t\t\t\n\t\t\t\t<section class=\"et_pb_fullwidth_header et_pb_bg_layout_dark et_pb_text_align_center product-header\">\n\t\t\t<div class=\"et_pb_row\">\n\t\t\t\t<h1>Medium Cabinet<\/h1>\n\t\t\t\t<p class=\"et_pb_fullwidth_header_subhead\">Ein Schrank f\u00fcr 500-1000 Zigarren, in Blickh\u00f6he gerichtet. <\/p>\n\t\t\t<\/div>\n\t\t<\/section><div class=\"et_pb_slider et_slider_auto et_slider_speed_3000\">\n\t\t\t<div class=\"et_pb_slides\">\n\t\t\t\t<div class=\"et_pb_slide et_pb_slide_with_image et_pb_bg_layout_dark et_pb_media_alignment_center\" style='background-color:#000000;'>\n\t\t\t\n\t\t\t<div class=\"et_pb_container clearfix\">\n\t\t\t\t<div class=\"et_pb_slide_image\"><img src=\"http:\/\/www.maklaryhumidors.com\/wp-content\/uploads\/2014\/11\/medium-slider-front-open.jpg\" alt=\"\" \/><\/div>\n\t\t\t\t<div class=\"et_pb_slide_description\">\n\t\t\t\t\t\n\t\t\t\t\t<div class=\"et_pb_slide_content\"><\/div>\n\t\t\t\t\t\n\t\t\t\t<\/div> <!-- .et_pb_slide_description -->\n\t\t\t<\/div> <!-- .et_pb_container -->\n\t\t\t\n\t\t<\/div> <!-- .et_pb_slide -->\n\t\t<div class=\"et_pb_slide et_pb_slide_with_image et_pb_bg_layout_dark et_pb_media_alignment_center\" style='background-color:#000000;'>\n\t\t\t\n\t\t\t<div class=\"et_pb_container clearfix\">\n\t\t\t\t<div class=\"et_pb_slide_image\"><img src=\"http:\/\/www.maklaryhumidors.com\/wp-content\/uploads\/2014\/11\/medium-slider-front-closed.jpg\" alt=\"\" \/><\/div>\n\t\t\t\t<div class=\"et_pb_slide_description\">\n\t\t\t\t\t\n\t\t\t\t\t<div class=\"et_pb_slide_content\"><\/div>\n\t\t\t\t\t\n\t\t\t\t<\/div> <!-- .et_pb_slide_description -->\n\t\t\t<\/div> <!-- .et_pb_container -->\n\t\t\t\n\t\t<\/div> <!-- .et_pb_slide -->\n\t\t<div class=\"et_pb_slide et_pb_slide_with_image et_pb_bg_layout_dark et_pb_media_alignment_center\" style='background-color:#000000;'>\n\t\t\t\n\t\t\t<div class=\"et_pb_container clearfix\">\n\t\t\t\t<div class=\"et_pb_slide_image\"><img src=\"http:\/\/www.maklaryhumidors.com\/wp-content\/uploads\/2014\/11\/medium-slider-3-colors-side.jpg\" alt=\"\" \/><\/div>\n\t\t\t\t<div class=\"et_pb_slide_description\">\n\t\t\t\t\t\n\t\t\t\t\t<div class=\"et_pb_slide_content\"><\/div>\n\t\t\t\t\t\n\t\t\t\t<\/div> <!-- .et_pb_slide_description -->\n\t\t\t<\/div> <!-- .et_pb_container -->\n\t\t\t\n\t\t<\/div> <!-- .et_pb_slide -->\n\t\t\n\t\t\t<\/div> <!-- .et_pb_slides -->\n\t\t<\/div> <!-- .et_pb_slider -->\n\t\t\n\t\t\t\n\t\t<\/div> <!-- .et_pb_section --><div class=\"et_pb_section et_pb_text_align_center et_section_regular\" style='background-color:#000000;'>\n\t\t\t\n\t\t\t\n\t\t\t\t\n\t\t\t\t<div class=\"et_pb_row\">\n\t\t\t<div class=\"et_pb_column et_pb_column_4_4\">\n\t\t\t<div class=\"et_pb_text et_pb_bg_layout_dark et_pb_text_align_center\">\n\t\t\t\n<h4>Mit seiner H\u00f6he von 175 cm, riesengro\u00dfen Glasfl\u00e4che und Gewicht von 100 Kg z\u00e4hlt er zu einer wahren Seltenheit. Im unteren Teil des Schrankes findet Ihr Zigarrenzubeh\u00f6r perfekt seinen Platz. Der Schrank kann in ganz individuellem Stil, mit allen m\u00f6glichen Maklary Technologien bestellt werden.<\/h4>\n\n\t\t<\/div> <!-- .et_pb_text -->\n\t\t<\/div> <!-- .et_pb_column -->\n\t\t<\/div> <!-- .et_pb_row -->\n\t\t\t\n\t\t<\/div> <!-- .et_pb_section --><div class=\"et_pb_section et_pb_inner_shadow et_pb_section_parallax grey-bg et_section_regular et_section_transparent\">\n\t\t\t<div class=\"et_parallax_bg\" style=\"background-image: url(http:\/\/www.maklaryhumidors.com\/wp-content\/uploads\/2014\/11\/cigar-tray-parallax-bg.jpg);\"><\/div>\n\t\t\t\n\t\t\t\t\n\t\t\t\t<div class=\"et_pb_row\">\n\t\t\t<div class=\"et_pb_column et_pb_column_4_4\">\n\t\t\t<div class=\"et_pb_text et_pb_bg_layout_dark et_pb_text_align_center\">\n\t\t\t\n<h3>Stil<\/h3>\n<p>Alterslose Eleganz, gleichzeitig modern und klassisch.<br \/>\nDie gew\u00f6lbten Frontplatten, die einen besonderen Lichteffekt bieten, und die speziell gefr\u00e4sten Tabletts sind Maklary Markenzeichen, und geh\u00f6ren zum Design.<\/p>\n\n\t\t<\/div> <!-- .et_pb_text --><div class=\"et_pb_text et_pb_bg_layout_dark et_pb_text_align_center\">\n\t\t\t\n<h3>Gestaltung aus vollst\u00e4ndigem Massivholz<\/h3>\n<p>Die Maklary Humidore werden ausschlie\u00dflich aus Massivholz von bester Qualit\u00e4t hergestellt. Wir verwenden kein Sperrholz oder Furnierplatte. Wir schaffen aus hochwertigstem nat\u00fcrlichem Holz wertbest\u00e4ndige, qualit\u00e4tsvolle Einzelwerke.<\/p>\n\n\t\t<\/div> <!-- .et_pb_text --><div class=\"et_pb_text et_pb_bg_layout_dark et_pb_text_align_center\">\n\t\t\t\n<h3>Individuelle Formen<\/h3>\n<p>Die Form der T\u00fcren, die Glasfarbe, der Sockel und die Krone k\u00f6nnen ma\u00dfgeschneidert werden.<\/p>\n\n\t\t<\/div> <!-- .et_pb_text --><div class=\"et_pb_text et_pb_bg_layout_dark et_pb_text_align_center\">\n\t\t\t\n<h3>Einzigartige Erscheinung<\/h3>\n<p>Das \u00c4u\u00dfere wird auf Wunsch aus jeglichem Massivholz hergestellt, die inneren Belege und F\u00e4cher werden aus spanischer Zeder gefertigt. Matter, seidenmatter und Hochglanzlack, individuelle Farben alles ist machbar. Unsere Meister k\u00f6nnen auf Wunsch Wappen fr\u00e4sen oder individuelle Schnitzereien schaffen.<\/p>\n<p>&nbsp;<\/p>\n\n\t\t<\/div> <!-- .et_pb_text -->\n\t\t<\/div> <!-- .et_pb_column -->\n\t\t<\/div> <!-- .et_pb_row -->\n\t\t\t\n\t\t<\/div> <!-- .et_pb_section --><div class=\"et_pb_section et_pb_section_parallax flex-center et_section_regular\" style='background-color:#000000;'>\n\t\t\t\n\t\t\t\n\t\t\t\t\n\t\t\t\t<div class=\"et_pb_row\">\n\t\t\t<div class=\"et_pb_column et_pb_column_1_2\">\n\t\t\t<img src=\"http:\/\/www.maklaryhumidors.com\/wp-content\/uploads\/2014\/11\/hinges1.jpg\" alt=\"\" class=\"et-waypoint et_pb_image et_pb_animation_off img-shadow\" \/>\n\t\t<\/div> <!-- .et_pb_column --><div class=\"et_pb_column et_pb_column_1_2\">\n\t\t\t<div class=\"et_pb_text et_pb_bg_layout_dark et_pb_text_align_left\">\n\t\t\t\n<h3>Massives tragender Rahmen<\/h3>\n\n\t\t<\/div> <!-- .et_pb_text --><div class=\"et_pb_text et_pb_bg_layout_dark et_pb_text_align_left\">\n\t\t\t\n<p>Die Maklary Humidore werden f\u00fcr ein Leben lang gefertigt. Zur Vermeidung von Verdrehung wird das Gewicht von den Humidoren von einem massiven Rahmen getragen. Der Rahmen befindet sich zwischen dem \u00e4u\u00dferen Massivholz und dem inneren Belag aus spanischer Zeder und ist selbstverst\u00e4ndlich v\u00f6llig unsichtbar.<\/p>\n<p>&nbsp;<\/p>\n\n\t\t<\/div> <!-- .et_pb_text -->\n\t\t<\/div> <!-- .et_pb_column -->\n\t\t<\/div> <!-- .et_pb_row --><div class=\"et_pb_row\">\n\t\t\t<div class=\"et_pb_column et_pb_column_1_2\">\n\t\t\t<div class=\"et_pb_text et_pb_bg_layout_dark et_pb_text_align_right\">\n\t\t\t\n<h3>Zentrale Steuereinheit<\/h3>\n\n\t\t<\/div> <!-- .et_pb_text --><div class=\"et_pb_text et_pb_bg_layout_dark et_pb_text_align_right\">\n\t\t\t\n<p>In der massiven H\u00fclle aus spanischer Zeder, in der Seitenwand versenkt befindet sich die Elektronik, die alle zentralen Funktionen steuert. Deutsches Display, schweizer kapazitiver Pr\u00e4zisionssensor, amerikanischer Prozessor. Wir verwenden ausschlie\u00dflich die f\u00fcr die Funktion am besten geeigneten Ersatzteile.<\/p>\n\n\t\t<\/div> <!-- .et_pb_text -->\n\t\t<\/div> <!-- .et_pb_column --><div class=\"et_pb_column et_pb_column_1_2\">\n\t\t\t<img src=\"http:\/\/www.maklaryhumidors.com\/wp-content\/uploads\/2014\/11\/digital-controller.jpg\" alt=\"\" class=\"et-waypoint et_pb_image et_pb_animation_off img-shadow\" \/>\n\t\t<\/div> <!-- .et_pb_column -->\n\t\t<\/div> <!-- .et_pb_row -->\n\t\t\t\n\t\t<\/div> <!-- .et_pb_section --><div class=\"et_pb_section et_pb_section_parallax et_section_regular\" style='background-color:#000000;'>\n\t\t\t<div class=\"et_parallax_bg\" style=\"background-image: url(http:\/\/www.maklaryhumidors.com\/wp-content\/uploads\/2014\/11\/vertigo-parallax-bg.jpg);\"><\/div>\n\t\t\t\n\t\t\t\t\n\t\t\t\t<div class=\"et_pb_row\">\n\t\t\t<div class=\"et_pb_column et_pb_column_4_4\">\n\t\t\t<div class=\"et_pb_text et_pb_bg_layout_dark et_pb_text_align_center\">\n\t\t\t\n<h3>Innere Beleuchtung<\/h3>\n<p>Im Inneren des Schrankes laufen an beiden Seiten senkrecht versteckte LED-Leisten. Der Anblick, den ein Maklary Humidor im Dunkel zu bieten hat, ist der bewussten lichttechnischen Planung zu verdanken.<\/p>\n\n\t\t<\/div> <!-- .et_pb_text -->\n\t\t<\/div> <!-- .et_pb_column -->\n\t\t<\/div> <!-- .et_pb_row -->\n\t\t\t\n\t\t<\/div> <!-- .et_pb_section --><div class=\"et_pb_section flex-center et_section_regular\" style='background-color:#000000;'>\n\t\t\t\n\t\t\t\n\t\t\t\t\n\t\t\t\t<div class=\"et_pb_row\">\n\t\t\t<div class=\"et_pb_column et_pb_column_1_2\">\n\t\t\t<div class=\"et_pb_text et_pb_bg_layout_dark et_pb_text_align_right\">\n\t\t\t\n<h3>Digitale Befeuchtung<\/h3>\n<p>Ein ausgesprochen f\u00fcr dieses Model gefertigter<a href=\"http:\/\/mcthumidifiers.com\/mct-l\/\" target=\"_blank\"> MCT L<\/a> Hochleistungsbefeuchter bl\u00e4st die feuchte Luft mit Hilfe von einem pr\u00e4zis ausgestalteten Luftkanal f\u00fcr jedes Fach in den verschiedenen Ebenen konstant rein.<\/p>\n\n\t\t<\/div> <!-- .et_pb_text -->\n\t\t<\/div> <!-- .et_pb_column --><div class=\"et_pb_column et_pb_column_1_2\">\n\t\t\t<img src=\"http:\/\/www.maklaryhumidors.com\/wp-content\/uploads\/2014\/11\/digital-humidification.jpg\" alt=\"\" class=\"et-waypoint et_pb_image et_pb_animation_off\" \/>\n\t\t<\/div> <!-- .et_pb_column -->\n\t\t<\/div> <!-- .et_pb_row -->\n\t\t\t\n\t\t<\/div> <!-- .et_pb_section --><div class=\"et_pb_section grey-bg et_section_regular et_section_transparent\" style='background-image:url(http:\/\/www.maklaryhumidors.com\/wp-content\/uploads\/2014\/11\/hinges-bg-left.jpg);'>\n\t\t\t\n\t\t\t\n\t\t\t\t\n\t\t\t\t<div class=\"et_pb_row\">\n\t\t\t<div class=\"et_pb_column et_pb_column_4_4\">\n\t\t\t<div class=\"et_pb_text et_pb_bg_layout_dark et_pb_text_align_center\">\n\t\t\t\n<h3>Einfache Wartung<\/h3>\n<p>Die ganze Elektronik kann zur sofortigen Reparatur modular getauscht werden. Zur Reparatur vor Ort braucht man keinen Fachmann, die Module k\u00f6nnen von Jedermann getauscht werden.<\/p>\n\n\t\t<\/div> <!-- .et_pb_text -->\n\t\t<\/div> <!-- .et_pb_column -->\n\t\t<\/div> <!-- .et_pb_row -->\n\t\t\t\n\t\t<\/div> <!-- .et_pb_section --><div class=\"et_pb_section et_pb_section_parallax flex-center et_section_regular\" style='background-color:#000000;'>\n\t\t\t<div class=\"et_parallax_bg\" style=\"background-image: url(http:\/\/www.maklaryhumidors.com\/wp-content\/uploads\/2014\/11\/individual-trays-parallax-bg.jpg);\"><\/div>\n\t\t\t\n\t\t\t\t\n\t\t\t\t<div class=\"et_pb_row\">\n\t\t\t<div class=\"et_pb_column et_pb_column_4_4\">\n\t\t\t<div class=\"et_pb_text et_pb_bg_layout_dark et_pb_text_align_center\">\n\t\t\t\n<h3>Innere Gestaltung &#8211; variierbare F\u00e4cher<\/h3>\n<p>Jedes Fach besteht aus einer massiven 8mm dicken Platte aus spanischer Zeder, die nach einem individuellen, speziellen Muster gefr\u00e4st wird. Das Muster ist gleichzeitig funktionell und \u00e4sthetisch, so kann die gr\u00f6\u00dftm\u00f6gliche Fl\u00e4che jeder Zigarre die feuchte Lucht abbekommen. Jedes Fach kann herausgenommen werden, denn sie gleiten auf speziellen versteckten Schienen.<\/p>\n<p>&nbsp;<\/p>\n\n\t\t<\/div> <!-- .et_pb_text --><div class=\"et_pb_text et_pb_bg_layout_dark et_pb_text_align_center\">\n\t\t\t\n<h3>Ein Maklary Humidor kann den Anspr\u00fcchen entsprechend aus folgenden Elementen gebaut werden:<\/h3>\n\n\t\t<\/div> <!-- .et_pb_text -->\n\t\t<\/div> <!-- .et_pb_column -->\n\t\t<\/div> <!-- .et_pb_row --><div class=\"et_pb_row\">\n\t\t\t<div class=\"et_pb_column et_pb_column_1_2\">\n\t\t\t<img src=\"http:\/\/www.maklaryhumidors.com\/wp-content\/uploads\/2014\/11\/slanted-tray.jpg\" alt=\"\" class=\"et-waypoint et_pb_image et_pb_animation_off img-shadow \" \/>\n\t\t<\/div> <!-- .et_pb_column --><div class=\"et_pb_column et_pb_column_1_2\">\n\t\t\t<div class=\"et_pb_text et_pb_bg_layout_dark et_pb_text_align_left\">\n\t\t\t\n<h3>Tablar in Schr\u00e4gstellung:<\/h3>\n\n\t\t<\/div> <!-- .et_pb_text --><div class=\"et_pb_text et_pb_bg_layout_dark et_pb_text_align_left\">\n\t\t\t\n<p>Die innere Unterteilung ist frei variabel. Das Tablett ist unser Markenzeichen.<br \/>\nDie gestaltbaren F\u00e4cher sind f\u00fcr Zigarrenl\u00e4ngen optimiert:\u00a0 132mm f\u00fcr die k\u00fcrzesten Zigarren: Robusto, Corona usw., dann 160mm: Piramide, Corona Grande, \u2026 l\u00e4ngeren, 180mm Lonsdale, Churchill, Lanceros, Double Corona und 250mm f\u00fcr die besonderen L\u00e4ngen. In jedem Fach k\u00f6nnen 100-150 Zigarren gelagert werden.<\/p>\n\n\t\t<\/div> <!-- .et_pb_text -->\n\t\t<\/div> <!-- .et_pb_column -->\n\t\t<\/div> <!-- .et_pb_row --><div class=\"et_pb_row\">\n\t\t\t<div class=\"et_pb_column et_pb_column_1_2\">\n\t\t\t<div class=\"et_pb_text et_pb_bg_layout_dark et_pb_text_align_right\">\n\t\t\t\n<h3>Tablett mit F\u00e4chern<\/h3>\n\n\t\t<\/div> <!-- .et_pb_text --><div class=\"et_pb_text et_pb_bg_layout_dark et_pb_text_align_right\">\n\t\t\t\n<p>Die Tabletts k\u00f6nnen mit den herausnehmbaren Elementen in h\u00f6chstens f\u00fcnf Teile unterteilt werden, in jedes Teil passen 30 St\u00fcck Zigarren der Gr\u00f6\u00dfe Churchill. Wenn man keine Unterteilung verwendet, k\u00f6nnen Zigarrenkisten in den Tabletts gelagert werden. In einem Tablet k\u00f6nnen 150-250 Zigarren, abh\u00e4ngig von Ihrer Gr\u00f6\u00dfe gelagert werden.<\/p>\n\n\t\t<\/div> <!-- .et_pb_text -->\n\t\t<\/div> <!-- .et_pb_column --><div class=\"et_pb_column et_pb_column_1_2\">\n\t\t\t<img src=\"http:\/\/www.maklaryhumidors.com\/wp-content\/uploads\/2014\/11\/compartment-tray.jpg\" alt=\"\" class=\"et-waypoint et_pb_image et_pb_animation_off img-shadow \" \/>\n\t\t<\/div> <!-- .et_pb_column -->\n\t\t<\/div> <!-- .et_pb_row --><div class=\"et_pb_row\">\n\t\t\t<div class=\"et_pb_column et_pb_column_1_2\">\n\t\t\t<img src=\"http:\/\/www.maklaryhumidors.com\/wp-content\/uploads\/2014\/11\/box-tray.jpg\" alt=\"\" class=\"et-waypoint et_pb_image et_pb_animation_off img-shadow \" \/>\n\t\t<\/div> <!-- .et_pb_column --><div class=\"et_pb_column et_pb_column_1_2\">\n\t\t\t<div class=\"et_pb_text et_pb_bg_layout_dark et_pb_text_align_left\">\n\t\t\t\n<h3>Tablett f\u00fcr die Lagerung von Kisten<\/h3>\n\n\t\t<\/div> <!-- .et_pb_text --><div class=\"et_pb_text et_pb_bg_layout_dark et_pb_text_align_left\">\n\t\t\t\n<p>F\u00fcr Lagerung von 8-10 Kisten Zigarren.<\/p>\n\n\t\t<\/div> <!-- .et_pb_text -->\n\t\t<\/div> <!-- .et_pb_column -->\n\t\t<\/div> <!-- .et_pb_row -->\n\t\t\t\n\t\t<\/div> <!-- .et_pb_section --><div class=\"et_pb_section flex-center et_section_regular\" style='background-color:#000000;'>\n\t\t\t\n\t\t\t\n\t\t\t\t\n\t\t\t\t<div class=\"et_pb_row\">\n\t\t\t<div class=\"et_pb_column et_pb_column_4_4\">\n\t\t\t<div class=\"et_pb_text et_pb_bg_layout_dark et_pb_text_align_center\">\n\t\t\t\n<h3>Technologische Optionen Ihrer Wahl:<\/h3>\n<p>Die Lagerung von Zigarren bedarf nicht nur einer konstanten relativen Luftfeuchte um die 70%, sondern auch einer konstanten Temperatur um 20 Grad. Ist der Raum klimatisiert bzw. herrscht im Raum das ganze Jahr \u00fcber eine konstante Temperatur um 20 Grad, braucht man keine W\u00e4rmed\u00e4mmung, K\u00fchlung\/Heizung und die damit verbundene zus\u00e4tzliche Luftzirkulation. Ist die Temperatur nicht konstant, bieten die folgenden Maklary Technologien eine perfekte L\u00f6sung.<\/p>\n\n\t\t<\/div> <!-- .et_pb_text --><div class=\"et_pb_text et_pb_bg_layout_dark et_pb_text_align_center\">\n\t\t\t\n<h3>Luftzirkulation<\/h3>\n<p>Die hervorragend wirksame Luftzirkulationseinrichtung ist ebenfalls gesch\u00fctzte Maklary Innovation: die Ventilatoren in einem versteckten Luftkanal an der rechten Seite des Schrankes saugen die Luft auf jeder Ebene an, und blasen sie an der linken Seite auf jeder Ebene konstant wieder raus.\n\t\t<\/div> <!-- .et_pb_text --><div class=\"et_pb_text et_pb_bg_layout_dark et_pb_text_align_center\">\n\t\t\t\n<h3>UVC Luft-Desinfektion<\/h3>\n<p>Sie kann als Teil der Luftzirkulation als eine weitere Sonderausstattung bestellt werden: Wenn die Ventilatoren laufen, schalten im Luftkanal zwei keimt\u00f6tende UVC-Lichter ein, und sie vernichten die in der Luft vorhandenen Organismen, wie Schimmel, Sporen und Bakterien. Spezielle Maklary Technologie.<\/p>\n\n\t\t<\/div> <!-- .et_pb_text --><div class=\"et_pb_text et_pb_bg_layout_dark et_pb_text_align_center\">\n\t\t\t\n<h3>Luftzirkulierende Heizung<\/h3>\n<p>Der individuell gefertigte Heizk\u00f6rper hat in dem durch den Zedern Belag der R\u00fcckwand versteckten Luftkanal seinen Platz. Die Ventilatoren verteilen konstant die aufgew\u00e4rmte Luft \u00fcber den speziellen Luftkanal auf mehreren Ebenen in den Raum.<\/p>\n\n\t\t<\/div> <!-- .et_pb_text -->\n\t\t<\/div> <!-- .et_pb_column -->\n\t\t<\/div> <!-- .et_pb_row --><div class=\"et_pb_row\">\n\t\t\t<div class=\"et_pb_column et_pb_column_1_2\">\n\t\t\t<div class=\"et_pb_text et_pb_bg_layout_dark et_pb_text_align_right\">\n\t\t\t\n<h3>W\u00e4rmed\u00e4mmung<\/h3>\n<p>Das Dreischeiben-Isolierglas mit Doppelkammern sowie die 4cm dicke W\u00e4rmed\u00e4mmung von Spitzenqualit\u00e4t zwischen der \u00e4u\u00dferen H\u00fclle und der Zeder, verzaubern das exclusive Massivholzm\u00f6bel zu einem richtigen K\u00fchlschrank.<\/p>\n\n\t\t<\/div> <!-- .et_pb_text -->\n\t\t<\/div> <!-- .et_pb_column --><div class=\"et_pb_column et_pb_column_1_2\">\n\t\t\t<img src=\"http:\/\/www.maklaryhumidors.com\/wp-content\/uploads\/2014\/11\/thermal-insulation.jpg\" alt=\"\" class=\"et-waypoint et_pb_image et_pb_animation_off\" \/>\n\t\t<\/div> <!-- .et_pb_column -->\n\t\t<\/div> <!-- .et_pb_row --><div class=\"et_pb_row\">\n\t\t\t<div class=\"et_pb_column et_pb_column_1_2\">\n\t\t\t<img src=\"http:\/\/www.maklaryhumidors.com\/wp-content\/uploads\/2014\/11\/convection-cooling.jpg\" alt=\"\" class=\"et-waypoint et_pb_image et_pb_animation_off\" \/>\n\t\t<\/div> <!-- .et_pb_column --><div class=\"et_pb_column et_pb_column_1_2\">\n\t\t\t<div class=\"et_pb_text et_pb_bg_layout_dark et_pb_text_align_left\">\n\t\t\t\n<h3>Extrem leise und kraftvolle K\u00fchlung mit Luftzirkulation<\/h3>\n<p>Die spezielle Kompressor-K\u00fchlung ist auch eine individuelle Maklary Technologie.<\/p>\n<ul>\n<li>Die konstante Temperatur f\u00fcr die K\u00fchlung von Humidor wird von dem speziellen K\u00fchl-Paneel im Luftkanal gew\u00e4hrleistet. Die Ventilatoren blasen die gek\u00fchlte Luft auf mehrerern Ebenen konstant raus.<\/li>\n<li>deutscher Interver-Verdichter von Spitzenqualit\u00e4t kann dank der angemessenen Dimensionierung auch bei Grunddrehzahl, also wenn er leise funktioniert, gen\u00fcgend Leistung bieten.<\/li>\n<li>der von Grund aus leise funktionierende Kompressor hat der pr\u00e4zisen Planung zu verdanken in einem Schalld\u00e4mmungsbox seinen Platz und so werden die Ger\u00e4usche um weitere 70% reduziert.<\/li>\n<li>bei Bedarf kann auch eine h\u00f6here Drehzahl gew\u00e4hlt werden, so kann eine extreme K\u00fchlleistung erzielt werden.<\/li>\n<li>die individuelle Aufh\u00e4ngung des Kompressors garantiert 100% Vibrationsfreiheit<\/li>\n<\/ul>\n\n\t\t<\/div> <!-- .et_pb_text -->\n\t\t<\/div> <!-- .et_pb_column -->\n\t\t<\/div> <!-- .et_pb_row -->\n\t\t\t\n\t\t<\/div> <!-- .et_pb_section --><\/p>\n","protected":false},"excerpt":{"rendered":"","protected":false},"author":3,"featured_media":0,"parent":0,"menu_order":0,"comment_status":"open","ping_status":"closed","template":"","meta":[],"_links":{"self":[{"href":"https:\/\/maklary.wpfejleszto.com\/de\/wp-json\/wp\/v2\/pages\/671"}],"collection":[{"href":"https:\/\/maklary.wpfejleszto.com\/de\/wp-json\/wp\/v2\/pages"}],"about":[{"href":"https:\/\/maklary.wpfejleszto.com\/de\/wp-json\/wp\/v2\/types\/page"}],"author":[{"embeddable":true,"href":"https:\/\/maklary.wpfejleszto.com\/de\/wp-json\/wp\/v2\/users\/3"}],"replies":[{"embeddable":true,"href":"https:\/\/maklary.wpfejleszto.com\/de\/wp-json\/wp\/v2\/comments?post=671"}],"version-history":[{"count":1,"href":"https:\/\/maklary.wpfejleszto.com\/de\/wp-json\/wp\/v2\/pages\/671\/revisions"}],"predecessor-version":[{"id":672,"href":"https:\/\/maklary.wpfejleszto.com\/de\/wp-json\/wp\/v2\/pages\/671\/revisions\/672"}],"wp:attachment":[{"href":"https:\/\/maklary.wpfejleszto.com\/de\/wp-json\/wp\/v2\/media?parent=671"}],"curies":[{"name":"wp","href":"https:\/\/api.w.org\/{rel}","templated":true}]}}