{"id":679,"date":"2016-08-18T01:21:18","date_gmt":"2016-08-18T01:21:18","guid":{"rendered":"http:\/\/www.maklaryhumidors.com\/de\/?page_id=679"},"modified":"2016-08-18T01:21:18","modified_gmt":"2016-08-18T01:21:18","slug":"vertigo","status":"publish","type":"page","link":"https:\/\/maklary.wpfejleszto.com\/de\/vertigo\/","title":{"rendered":"Vertigo"},"content":{"rendered":"<p><div class=\"et_pb_section et_pb_fullwidth_section full-screen et_section_regular\" style='background-color:#000000;'>\n\t\t\t\n\t\t\t\n\t\t\t\t\n\t\t\t\t<section class=\"et_pb_fullwidth_header et_pb_bg_layout_dark et_pb_text_align_center product-header\">\n\t\t\t<div class=\"et_pb_row\">\n\t\t\t\t<h1>Vertigo<\/h1>\n\t\t\t\t\n\t\t\t<\/div>\n\t\t<\/section><div class=\"et_pb_slider et_slider_auto et_slider_speed_6000\">\n\t\t\t<div class=\"et_pb_slides\">\n\t\t\t\t<div class=\"et_pb_slide et_pb_slide_with_image et_pb_bg_layout_dark et_pb_media_alignment_center\" style='background-color:#000000;'>\n\t\t\t\n\t\t\t<div class=\"et_pb_container clearfix\">\n\t\t\t\t<div class=\"et_pb_slide_image\"><img src=\"http:\/\/www.maklaryhumidors.com\/wp-content\/uploads\/2014\/12\/CJ1-1500-JPG.jpg\" alt=\"\" \/><\/div>\n\t\t\t\t<div class=\"et_pb_slide_description\">\n\t\t\t\t\t\n\t\t\t\t\t<div class=\"et_pb_slide_content\"><\/div>\n\t\t\t\t\t\n\t\t\t\t<\/div> <!-- .et_pb_slide_description -->\n\t\t\t<\/div> <!-- .et_pb_container -->\n\t\t\t\n\t\t<\/div> <!-- .et_pb_slide -->\n\t\t<div class=\"et_pb_slide et_pb_slide_with_image et_pb_bg_layout_dark et_pb_media_alignment_center\" style='background-color:#000000;'>\n\t\t\t\n\t\t\t<div class=\"et_pb_container clearfix\">\n\t\t\t\t<div class=\"et_pb_slide_image\"><img src=\"http:\/\/www.maklaryhumidors.com\/wp-content\/uploads\/2014\/12\/Vertigo-V.C.-1500.jpg\" alt=\"\" \/><\/div>\n\t\t\t\t<div class=\"et_pb_slide_description\">\n\t\t\t\t\t\n\t\t\t\t\t<div class=\"et_pb_slide_content\"><\/div>\n\t\t\t\t\t\n\t\t\t\t<\/div> <!-- .et_pb_slide_description -->\n\t\t\t<\/div> <!-- .et_pb_container -->\n\t\t\t\n\t\t<\/div> <!-- .et_pb_slide -->\n\t\t<div class=\"et_pb_slide et_pb_slide_with_image et_pb_bg_layout_dark et_pb_media_alignment_center\" style='background-color:#000000;'>\n\t\t\t\n\t\t\t<div class=\"et_pb_container clearfix\">\n\t\t\t\t<div class=\"et_pb_slide_image\"><img src=\"http:\/\/www.maklaryhumidors.com\/wp-content\/uploads\/2014\/12\/Vertigo-V.C.2-1500.jpg\" alt=\"\" \/><\/div>\n\t\t\t\t<div class=\"et_pb_slide_description\">\n\t\t\t\t\t\n\t\t\t\t\t<div class=\"et_pb_slide_content\"><\/div>\n\t\t\t\t\t\n\t\t\t\t<\/div> <!-- .et_pb_slide_description -->\n\t\t\t<\/div> <!-- .et_pb_container -->\n\t\t\t\n\t\t<\/div> <!-- .et_pb_slide -->\n\t\t<div class=\"et_pb_slide et_pb_slide_with_image et_pb_bg_layout_dark et_pb_media_alignment_center\" style='background-color:#000000;'>\n\t\t\t\n\t\t\t<div class=\"et_pb_container clearfix\">\n\t\t\t\t<div class=\"et_pb_slide_image\"><img src=\"http:\/\/www.maklaryhumidors.com\/wp-content\/uploads\/2014\/11\/vertigo-white-open-side.jpg\" alt=\"\" \/><\/div>\n\t\t\t\t<div class=\"et_pb_slide_description\">\n\t\t\t\t\t\n\t\t\t\t\t<div class=\"et_pb_slide_content\"><\/div>\n\t\t\t\t\t\n\t\t\t\t<\/div> <!-- .et_pb_slide_description -->\n\t\t\t<\/div> <!-- .et_pb_container -->\n\t\t\t\n\t\t<\/div> <!-- .et_pb_slide -->\n\t\t<div class=\"et_pb_slide et_pb_slide_with_image et_pb_bg_layout_dark et_pb_media_alignment_center\" style='background-color:#000000;'>\n\t\t\t\n\t\t\t<div class=\"et_pb_container clearfix\">\n\t\t\t\t<div class=\"et_pb_slide_image\"><img src=\"http:\/\/www.maklaryhumidors.com\/wp-content\/uploads\/2014\/11\/vertigo-black-closed-side.jpg\" alt=\"\" \/><\/div>\n\t\t\t\t<div class=\"et_pb_slide_description\">\n\t\t\t\t\t\n\t\t\t\t\t<div class=\"et_pb_slide_content\"><\/div>\n\t\t\t\t\t\n\t\t\t\t<\/div> <!-- .et_pb_slide_description -->\n\t\t\t<\/div> <!-- .et_pb_container -->\n\t\t\t\n\t\t<\/div> <!-- .et_pb_slide -->\n\t\t<div class=\"et_pb_slide et_pb_slide_with_image et_pb_bg_layout_dark et_pb_media_alignment_center\" style='background-color:#000000;'>\n\t\t\t\n\t\t\t<div class=\"et_pb_container clearfix\">\n\t\t\t\t<div class=\"et_pb_slide_image\"><img src=\"http:\/\/www.maklaryhumidors.com\/wp-content\/uploads\/2014\/11\/vertigo-white-closed-front.jpg\" alt=\"\" \/><\/div>\n\t\t\t\t<div class=\"et_pb_slide_description\">\n\t\t\t\t\t\n\t\t\t\t\t<div class=\"et_pb_slide_content\"><\/div>\n\t\t\t\t\t\n\t\t\t\t<\/div> <!-- .et_pb_slide_description -->\n\t\t\t<\/div> <!-- .et_pb_container -->\n\t\t\t\n\t\t<\/div> <!-- .et_pb_slide -->\n\t\t<div class=\"et_pb_slide et_pb_slide_with_image et_pb_bg_layout_dark et_pb_media_alignment_center\" style='background-color:#000000;'>\n\t\t\t\n\t\t\t<div class=\"et_pb_container clearfix\">\n\t\t\t\t<div class=\"et_pb_slide_image\"><img src=\"http:\/\/www.maklaryhumidors.com\/wp-content\/uploads\/2014\/11\/vertigo-black-closed-front.jpg\" alt=\"\" \/><\/div>\n\t\t\t\t<div class=\"et_pb_slide_description\">\n\t\t\t\t\t\n\t\t\t\t\t<div class=\"et_pb_slide_content\"><\/div>\n\t\t\t\t\t\n\t\t\t\t<\/div> <!-- .et_pb_slide_description -->\n\t\t\t<\/div> <!-- .et_pb_container -->\n\t\t\t\n\t\t<\/div> <!-- .et_pb_slide -->\n\t\t<div class=\"et_pb_slide et_pb_slide_with_image et_pb_bg_layout_dark et_pb_media_alignment_center\" style='background-color:#000000;'>\n\t\t\t\n\t\t\t<div class=\"et_pb_container clearfix\">\n\t\t\t\t<div class=\"et_pb_slide_image\"><img src=\"http:\/\/www.maklaryhumidors.com\/wp-content\/uploads\/2014\/11\/vertigo-white-open-front.jpg\" alt=\"\" \/><\/div>\n\t\t\t\t<div class=\"et_pb_slide_description\">\n\t\t\t\t\t\n\t\t\t\t\t<div class=\"et_pb_slide_content\"><\/div>\n\t\t\t\t\t\n\t\t\t\t<\/div> <!-- .et_pb_slide_description -->\n\t\t\t<\/div> <!-- .et_pb_container -->\n\t\t\t\n\t\t<\/div> <!-- .et_pb_slide -->\n\t\t\n\t\t\t<\/div> <!-- .et_pb_slides -->\n\t\t<\/div> <!-- .et_pb_slider -->\n\t\t\n\t\t\t\n\t\t<\/div> <!-- .et_pb_section --><div class=\"et_pb_section et_pb_text_align_center et_section_regular\" style='background-color:#000000;'>\n\t\t\t\n\t\t\t\n\t\t\t\t\n\t\t\t\t<div class=\"et_pb_row\">\n\t\t\t<div class=\"et_pb_column et_pb_column_4_4\">\n\t\t\t<div class=\"et_pb_text et_pb_bg_layout_dark et_pb_text_align_center\">\n\t\t\t\n<h3>Eleganz. Stil. Perfektion in jedem Detail.<\/h3>\n<h4>Der neueste DELUXE Humidor, so wie jeder andere Maklary Humidor, ist die Frucht langj\u00e4hriger Arbeiet und Ausdauer vom Designer und Eigent\u00fcmer Zoltan Maklary. Auf den ersten Blickt hat Vertigo eine au\u00dferordentliche Wirkung, dar\u00fcber hinaus sind seine besondere, schn\u00f6rkellose Linienf\u00fchrung, anmutigen B\u00f6gen, technische Virtuosit\u00e4t und entwickeltsten technischen L\u00f6sungen einmalig.<\/h4>\n\n\t\t<\/div> <!-- .et_pb_text --><img src=\"http:\/\/www.maklaryhumidors.com\/wp-content\/uploads\/2014\/11\/vertigo-black-side1.png\" alt=\"\" class=\"et-waypoint et_pb_image et_pb_animation_off et_pb_text_align_center\" \/>\n\t\t<\/div> <!-- .et_pb_column -->\n\t\t<\/div> <!-- .et_pb_row -->\n\t\t\t\n\t\t<\/div> <!-- .et_pb_section --><div class=\"et_pb_section grey-bg et_section_regular et_section_transparent\">\n\t\t\t\n\t\t\t\n\t\t\t\t\n\t\t\t\t<div class=\"et_pb_row\">\n\t\t\t<div class=\"et_pb_column et_pb_column_4_4\">\n\t\t\t<div class=\"et_pb_text et_pb_bg_layout_dark et_pb_text_align_center\">\n\t\t\t\n<h3>Aufbau<\/h3>\n<p>\u00c4hnlich den anderen Maklary Modellen wird auch dieses Produkt aus Massivholz in Premiumqualit\u00e4t hergestellt. Durch die spezielle strukturelle Planung wurde es m\u00f6glich, dass das Elektroniksystem in den hinteren und seitlichen Kammern des Stabwerks versteckt werden kann, wodurch die beiden Hochleistungsakkus, die Lader, die Kabel und der ganze Luftkanal unsichtbar bleiben. Mit seinen au\u00dfergew\u00f6hnlichen Ma\u00dfen &#8211; 81x39x15-25cm \u2013ist Vertigo unter den DELUXE Humidoren einmalig auf der Welt.<\/p>\n\n\t\t<\/div> <!-- .et_pb_text -->\n\t\t<\/div> <!-- .et_pb_column -->\n\t\t<\/div> <!-- .et_pb_row -->\n\t\t\t\n\t\t<\/div> <!-- .et_pb_section --><div class=\"et_pb_section flex-center et_section_regular\" style='background-color:#000000;'>\n\t\t\t\n\t\t\t\n\t\t\t\t\n\t\t\t\t<div class=\"et_pb_row\">\n\t\t\t<div class=\"et_pb_column et_pb_column_1_2\">\n\t\t\t<div class=\"et_pb_text et_pb_bg_layout_dark et_pb_text_align_right\">\n\t\t\t\n<h3><\/h3>\n<h3>Der Glasdeckel<\/h3>\n<p>Als Teil des modernen Designs versteckt der Deckel in seiner feinen Struktur zahlreiche technische Elemente, wie z.B. innovatives Beleuchtungssystem, Kabel, individuell entworfene Scharniere und einen \u00d6ffnungsmelder.<br \/>\nEin weiterer Teil des modernen Designs ist das Sicherheitsglas 8mm, mit 100% UV-Schutz,\u00a0das fl\u00e4chenb\u00fcndig mit dem Holzrahmen aufliegt, um die perfekte Eleganz zu erm\u00f6glichen.<\/p>\n\n\t\t<\/div> <!-- .et_pb_text -->\n\t\t<\/div> <!-- .et_pb_column --><div class=\"et_pb_column et_pb_column_1_2\">\n\t\t\t<img src=\"http:\/\/www.maklaryhumidors.com\/wp-content\/uploads\/2014\/11\/glass-lid.jpg\" alt=\"\" class=\"et-waypoint et_pb_image et_pb_animation_off img-shadow\" \/>\n\t\t<\/div> <!-- .et_pb_column -->\n\t\t<\/div> <!-- .et_pb_row -->\n\t\t\t\n\t\t<\/div> <!-- .et_pb_section --><div class=\"et_pb_section et_pb_section_parallax flex-center et_section_regular\" style='background-color:#000000;'>\n\t\t\t<div class=\"et_parallax_bg\" style=\"background-image: url(http:\/\/www.maklaryhumidors.com\/wp-content\/uploads\/2014\/11\/vertigo-parallax-bg.jpg);\"><\/div>\n\t\t\t\n\t\t\t\t\n\t\t\t\t<div class=\"et_pb_row\">\n\t\t\t<div class=\"et_pb_column et_pb_column_4_4\">\n\t\t\t<div class=\"et_pb_text et_pb_bg_layout_dark et_pb_text_align_center\">\n\t\t\t\n<h3>Die Beleuchtung<\/h3>\n\n\t\t<\/div> <!-- .et_pb_text -->\n\t\t<\/div> <!-- .et_pb_column -->\n\t\t<\/div> <!-- .et_pb_row --><div class=\"et_pb_row\">\n\t\t\t<div class=\"et_pb_column et_pb_column_1_2\">\n\t\t\t<img src=\"http:\/\/www.maklaryhumidors.com\/wp-content\/uploads\/2014\/11\/vertigo-illumination.jpg\" alt=\"\" class=\"et-waypoint et_pb_image et_pb_animation_off img-shadow\" \/>\n\t\t<\/div> <!-- .et_pb_column --><div class=\"et_pb_column et_pb_column_1_2\">\n\t\t\t<div class=\"et_pb_text et_pb_bg_layout_dark et_pb_text_align_center\">\n\t\t\tInsgesamt 18 Japan LED-s an den beiden L\u00e4ngsseiten des Deckels, in eigenen Holzkan\u00e4len installiert, sorgen f\u00fcr Licht. Die LEDs leuchten mit Hilfe von einem eigenen extra hierf\u00fcr geplanten 23.5 Ah-s Li-Ion Akku bei maximaler Lichtst\u00e4rke 100 Stunden lang. Bei Abendbeleuchtung ist die halbe Lichtst\u00e4rke auch stark, so kann die Betriebszeit nahezu 300 Stunden betragen.\n\t\t<\/div> <!-- .et_pb_text -->\n\t\t<\/div> <!-- .et_pb_column -->\n\t\t<\/div> <!-- .et_pb_row --><div class=\"et_pb_row\">\n\t\t\t<div class=\"et_pb_column et_pb_column_1_2\">\n\t\t\t<div class=\"et_pb_text et_pb_bg_layout_dark et_pb_text_align_center\">\n\t\t\tDie Lichtst\u00e4rke, das Anmachen und das Ausmachen von LED k\u00f6nnen mit zwei Tasten an der R\u00fcckseite des Humidors drau\u00dfen geregelt werden. Damit die beiden LED-Leisten nur den wichtigen inneren Raum beleuchtet, wird ihre Lichtkegel durch Deckelleisten gesteuert. Beim \u00d6ffnen des Deckels macht ein weiterer versteckter Sensor vor\u00fcbergehend die untere LED-Leiste aus, damit sie nicht blendet, und die obere Beleuchtung beleuchtet vollst\u00e4ndig auch die ausgezogene Schublade.\n\t\t<\/div> <!-- .et_pb_text -->\n\t\t<\/div> <!-- .et_pb_column --><div class=\"et_pb_column et_pb_column_1_2\">\n\t\t\t<img src=\"http:\/\/www.maklaryhumidors.com\/wp-content\/uploads\/2014\/11\/vertigo-illumination-buttons.jpg\" alt=\"\" class=\"et-waypoint et_pb_image et_pb_animation_off img-shadow\" \/>\n\t\t<\/div> <!-- .et_pb_column -->\n\t\t<\/div> <!-- .et_pb_row -->\n\t\t\t\n\t\t<\/div> <!-- .et_pb_section --><div class=\"et_pb_section flex-center et_section_regular\" style='background-color:#000000;'>\n\t\t\t\n\t\t\t\n\t\t\t\t\n\t\t\t\t<div class=\"et_pb_row\">\n\t\t\t<div class=\"et_pb_column et_pb_column_1_2\">\n\t\t\t<img src=\"http:\/\/www.maklaryhumidors.com\/wp-content\/uploads\/2014\/11\/humidification.jpg\" alt=\"\" class=\"et-waypoint et_pb_image et_pb_animation_off img-shadow\" \/>\n\t\t<\/div> <!-- .et_pb_column --><div class=\"et_pb_column et_pb_column_1_2\">\n\t\t\t<div class=\"et_pb_text et_pb_bg_layout_dark et_pb_text_align_left\">\n\t\t\t\n<h3>Befeuchtung<\/h3>\n<p>Der digitale, ausgesprochen f\u00fcr Vertigo geplante MCT Befeuchter funktioniert mit der Wasserkapazit\u00e4t seines Gel-Beutels 3-4 Monate lang mit Hilfe einer Ladung des Akku. Der Befeuchter wird aus Aluminium von h\u00f6chster Qualit\u00e4t hergestellt, dessen Farbe mit dem Inneren aus spanischer Zeder harmonisiert.\u00a0Der Befeuchter hat in dem Luftkanal im hinteren Teil des Humidors, zwischen zwei Tabletten seinen Platz. Die in den Luftkanal geblasene feuchte Luft verbreitet sich so durch je 4 Punkte, konstant zwischen und \u00fcber den zwei Tablattten. Der Befeuchter speichert 3 dl Wasser in Form von einem speziellen Acrylpolimer-Gel.<\/p>\n\n\t\t<\/div> <!-- .et_pb_text -->\n\t\t<\/div> <!-- .et_pb_column -->\n\t\t<\/div> <!-- .et_pb_row -->\n\t\t\t\n\t\t<\/div> <!-- .et_pb_section --><div class=\"et_pb_section flex-center et_section_regular\" style='background-color:#000000;'>\n\t\t\t\n\t\t\t\n\t\t\t\t\n\t\t\t\t<div class=\"et_pb_row\">\n\t\t\t<div class=\"et_pb_column et_pb_column_1_2\">\n\t\t\t<div class=\"et_pb_text et_pb_bg_layout_dark et_pb_text_align_right\">\n\t\t\t\n<h3>Digitale Steuerung<\/h3>\n<p>In dem Steuerger\u00e4t von MCT finden der schweizer kapazitive Sensor, das deutsche LCD Display, der amerikanische Prozessor in einer H\u00fclle aus spanischer Zeder ihren Platz. Die Bedienung kann innerhalb des Humidors \u00fcberall untergebracht werden, wenn n\u00f6tig, kann diese auch Licht-und Tonsignale geben.<\/p>\n\n\t\t<\/div> <!-- .et_pb_text -->\n\t\t<\/div> <!-- .et_pb_column --><div class=\"et_pb_column et_pb_column_1_2\">\n\t\t\t<img src=\"http:\/\/www.maklaryhumidors.com\/wp-content\/uploads\/2014\/11\/vertigo-digital-controller.png\" alt=\"\" class=\"et-waypoint et_pb_image et_pb_animation_off\" \/>\n\t\t<\/div> <!-- .et_pb_column -->\n\t\t<\/div> <!-- .et_pb_row -->\n\t\t\t\n\t\t<\/div> <!-- .et_pb_section --><div class=\"et_pb_section grey-bg et_section_regular et_section_transparent\" style='background-image:url(http:\/\/www.maklaryhumidors.com\/wp-content\/uploads\/2014\/11\/hinges-bg-left.jpg);'>\n\t\t\t\n\t\t\t\n\t\t\t\t\n\t\t\t\t<div class=\"et_pb_row\">\n\t\t\t<div class=\"et_pb_column et_pb_column_4_4\">\n\t\t\t<div class=\"et_pb_text et_pb_bg_layout_dark et_pb_text_align_center\">\n\t\t\t\n<h3>Versteckte Scharniere<\/h3>\n<p>Wegen der ungew\u00f6hnlichen Ma\u00dfen des Humidors haben wir auf das \u00e4u\u00dfere Design besonders gro\u00dfen Wert gelegt. Es ist dem speziellen \u00d6ffnungsmechanismus zu verdanken, dass sich der Deckel nie weiter als der hintere Teil des Humidors \u00f6ffnet, so kann Vertigo 1 cm weit von der Wand oder von irgendeinem anderen Gegenstand entfernt stehen. Das bedeutet +5 cm Nutzraum f\u00fcr Ihre Zigarren im Vergleich zu anderen Humidoren, die sich nach oben \u00f6ffnen lassen. Der Deckel wiegt 8 kg, was aber dem in den Scharnieren integrierten Entlastungsmechanismus zu verdanken um 90% weniger wirkt. Innovative, Patent angemeldete Maklary Technologie.<\/p>\n\n\t\t<\/div> <!-- .et_pb_text -->\n\t\t<\/div> <!-- .et_pb_column -->\n\t\t<\/div> <!-- .et_pb_row -->\n\t\t\t\n\t\t<\/div> <!-- .et_pb_section --><div class=\"et_pb_section et_pb_section_parallax flex-center et_section_regular et_section_transparent\">\n\t\t\t\n\t\t\t\n\t\t\t\t\n\t\t\t\t<div class=\"et_pb_row\">\n\t\t\t<div class=\"et_pb_column et_pb_column_1_2\">\n\t\t\t<img src=\"http:\/\/www.maklaryhumidors.com\/wp-content\/uploads\/2014\/11\/trays-side.jpg\" alt=\"\" class=\"et-waypoint et_pb_image et_pb_animation_left\" \/>\n\t\t<\/div> <!-- .et_pb_column --><div class=\"et_pb_column et_pb_column_1_2\">\n\t\t\t<div class=\"et_pb_text et_pb_bg_layout_dark et_pb_text_align_left\">\n\t\t\t\n<h3>Die Tabletten<\/h3>\n<p>Die Tabletten und das Innere des Humidors werden aus spanischer Zeder gefertigt. Die Aufteilung der Tabletten kann nach Zigarrengr\u00f6\u00dfen durch Trennplatten frei variabel sein, ihre innere H\u00f6he erm\u00f6glicht, dass auch ganze Kisten gelagert werden. Die untere Tablette ist eine versteckte Schublade, welches auf Dr\u00fccken ge\u00f6ffnet wird, der Inhalt kann geheim bleiben und erst nach \u00d6ffnen sichtbar werden. In den beiden Schubladen k\u00f6nnen insgesamt 3-400 Zigarren gelagert werden. Es ist der besonderen Gestaltung zu verdanken, dass die 50 Zigarren in der oberen Reihe einen imposanten Anblick bieten.<\/p>\n\n\t\t<\/div> <!-- .et_pb_text -->\n\t\t<\/div> <!-- .et_pb_column -->\n\t\t<\/div> <!-- .et_pb_row -->\n\t\t\t\n\t\t<\/div> <!-- .et_pb_section --><div class=\"et_pb_section et_pb_section_parallax grey-bg et_section_regular\" style='background-color:#000000;'>\n\t\t\t<div class=\"et_parallax_bg\" style=\"background-image: url(http:\/\/www.maklaryhumidors.com\/wp-content\/uploads\/2014\/11\/vertigo-trays-parallax.jpg);\"><\/div>\n\t\t\t\n\t\t\t\t\n\t\t\t\t<div class=\"et_pb_row\">\n\t\t\t<div class=\"et_pb_column et_pb_column_4_4\">\n\t\t\t<div class=\"et_pb_text et_pb_bg_layout_dark et_pb_text_align_center\">\n\t\t\t\n<h3>Einzigartigkeit<\/h3>\n<p>Jeder Maklary Humidor wird individuell gefertigt, so kann auch je nach Bestellung, dass Vertigo aus irgendwelchem Massivholz, mit mattem, seidenmattem oder Hochglanzlack hergestellt wird. Wir fertigen ihn nach Wunsch nicht nur in der nat\u00fcrlichen Optik des Holzes sondern auch in jeder beliebigen Farbe. Bei speziellen Anspr\u00fcchen tun wir Alles, um die W\u00fcnsche unserer Kunden zu erf\u00fcllen.<\/p>\n\n\t\t<\/div> <!-- .et_pb_text -->\n\t\t<\/div> <!-- .et_pb_column -->\n\t\t<\/div> <!-- .et_pb_row -->\n\t\t\t\n\t\t<\/div> <!-- .et_pb_section --><\/p>\n","protected":false},"excerpt":{"rendered":"","protected":false},"author":3,"featured_media":0,"parent":0,"menu_order":0,"comment_status":"open","ping_status":"open","template":"","meta":[],"_links":{"self":[{"href":"https:\/\/maklary.wpfejleszto.com\/de\/wp-json\/wp\/v2\/pages\/679"}],"collection":[{"href":"https:\/\/maklary.wpfejleszto.com\/de\/wp-json\/wp\/v2\/pages"}],"about":[{"href":"https:\/\/maklary.wpfejleszto.com\/de\/wp-json\/wp\/v2\/types\/page"}],"author":[{"embeddable":true,"href":"https:\/\/maklary.wpfejleszto.com\/de\/wp-json\/wp\/v2\/users\/3"}],"replies":[{"embeddable":true,"href":"https:\/\/maklary.wpfejleszto.com\/de\/wp-json\/wp\/v2\/comments?post=679"}],"version-history":[{"count":1,"href":"https:\/\/maklary.wpfejleszto.com\/de\/wp-json\/wp\/v2\/pages\/679\/revisions"}],"predecessor-version":[{"id":680,"href":"https:\/\/maklary.wpfejleszto.com\/de\/wp-json\/wp\/v2\/pages\/679\/revisions\/680"}],"wp:attachment":[{"href":"https:\/\/maklary.wpfejleszto.com\/de\/wp-json\/wp\/v2\/media?parent=679"}],"curies":[{"name":"wp","href":"https:\/\/api.w.org\/{rel}","templated":true}]}}