{"id":645,"date":"2016-08-18T00:53:36","date_gmt":"2016-08-18T00:53:36","guid":{"rendered":"http:\/\/www.maklaryhumidors.com\/fr\/?page_id=645"},"modified":"2016-08-18T14:55:05","modified_gmt":"2016-08-18T14:55:05","slug":"accueil","status":"publish","type":"page","link":"https:\/\/maklary.wpfejleszto.com\/fr\/","title":{"rendered":"Accueil"},"content":{"rendered":"<p><div class=\"et_pb_section et_pb_section_parallax home-models flex-center et_section_regular\" style='background-color:#ffffff;'>\n\t\t\t\n\t\t\t\n\t\t\t\t\n\t\t\t\t<div class=\"et_pb_row\">\n\t\t\t<div class=\"et_pb_column et_pb_column_1_4\">\n\t\t\t<a href=\"http:\/\/www.maklaryhumidors.com\/fr\/vertigo-fr\/\"><img id=\"home-vertigo\" src=\"http:\/\/www.maklaryhumidors.com\/wp-content\/uploads\/2014\/11\/vertigo-home.jpg\" alt=\"\" class=\"et-waypoint et_pb_image et_pb_animation_off\" \/><\/a>\n\t\t<\/div> <!-- .et_pb_column --><div class=\"et_pb_column et_pb_column_1_4\">\n\t\t\t<a href=\"http:\/\/www.maklaryhumidors.com\/fr\/medium-cabinet-fr\/\"><img id=\"home-half-humidor\" src=\"http:\/\/www.maklaryhumidors.com\/wp-content\/uploads\/2014\/11\/half-humidor-home.jpg\" alt=\"\" class=\"et-waypoint et_pb_image et_pb_animation_off\" \/><\/a>\n\t\t<\/div> <!-- .et_pb_column --><div class=\"et_pb_column et_pb_column_1_4\">\n\t\t\t<a href=\"http:\/\/www.maklaryhumidors.com\/fr\/grand-cigar-cabinet-fr\/\"><img id=\"home-half-humidor\" src=\"http:\/\/www.maklaryhumidors.com\/wp-content\/uploads\/2014\/11\/grand-humidor-home2.jpg\" alt=\"\" class=\"et-waypoint et_pb_image et_pb_animation_off\" \/><\/a>\n\t\t<\/div> <!-- .et_pb_column --><div class=\"et_pb_column et_pb_column_1_4\">\n\t\t\t<a href=\"http:\/\/www.maklaryhumidors.com\/fr\/grand-wine-humidor-fr\/\"><img id=\"home-wine-humidor\" src=\"http:\/\/www.maklaryhumidors.com\/wp-content\/uploads\/2014\/11\/wine-humidor-home.jpg\" alt=\"Wine Humidor\" title=\"Wine Humidor\" class=\"et-waypoint et_pb_image et_pb_animation_off\" \/><\/a>\n\t\t<\/div> <!-- .et_pb_column -->\n\t\t<\/div> <!-- .et_pb_row -->\n\t\t\t\n\t\t<\/div> <!-- .et_pb_section --><div class=\"et_pb_section et_pb_fullwidth_section et_section_regular\">\n\t\t\t\n\t\t\t\n\t\t\t\t\n\t\t\t\t<section class=\"et_pb_fullwidth_header et_pb_bg_layout_dark et_pb_text_align_center\">\n\t\t\t<div class=\"et_pb_row\">\n\t\t\t\t<h1>Style, Luxe, Professionnalisme<\/h1>\n\t\t\t\t<p class=\"et_pb_fullwidth_header_subhead\">Pour l\u2019amour du cigare<\/p>\n\t\t\t<\/div>\n\t\t<\/section>\n\t\t\t\n\t\t<\/div> <!-- .et_pb_section --><div class=\"et_pb_section et_section_regular\">\n\t\t\t\n\t\t\t\n\t\t\t\t\n\t\t\t\t<div class=\"et_pb_row\">\n\t\t\t<div class=\"et_pb_column et_pb_column_4_4\">\n\t\t\t<div class=\"et_pb_text et_pb_bg_layout_dark et_pb_text_align_center\">\n\t\t\t\n<p style=\"text-align: center;\">R\u00e9alis\u00e9s avec le plus grand soin et presque int\u00e9gralement silencieux, les mod\u00e8les Maklary sont de v\u00e9ritables chefs d\u2019\u0153uvre en bois massif faisant appel aux techniques de climatisation num\u00e9rique et de d\u00e9sinfection d\u2019air les plus avanc\u00e9es.<\/p>\n\n\t\t<\/div> <!-- .et_pb_text -->\n\t\t<\/div> <!-- .et_pb_column -->\n\t\t<\/div> <!-- .et_pb_row -->\n\t\t\t\n\t\t<\/div> <!-- .et_pb_section --><\/p>\n","protected":false},"excerpt":{"rendered":"","protected":false},"author":3,"featured_media":0,"parent":0,"menu_order":0,"comment_status":"open","ping_status":"closed","template":"","meta":[],"_links":{"self":[{"href":"https:\/\/maklary.wpfejleszto.com\/fr\/wp-json\/wp\/v2\/pages\/645"}],"collection":[{"href":"https:\/\/maklary.wpfejleszto.com\/fr\/wp-json\/wp\/v2\/pages"}],"about":[{"href":"https:\/\/maklary.wpfejleszto.com\/fr\/wp-json\/wp\/v2\/types\/page"}],"author":[{"embeddable":true,"href":"https:\/\/maklary.wpfejleszto.com\/fr\/wp-json\/wp\/v2\/users\/3"}],"replies":[{"embeddable":true,"href":"https:\/\/maklary.wpfejleszto.com\/fr\/wp-json\/wp\/v2\/comments?post=645"}],"version-history":[{"count":2,"href":"https:\/\/maklary.wpfejleszto.com\/fr\/wp-json\/wp\/v2\/pages\/645\/revisions"}],"predecessor-version":[{"id":885,"href":"https:\/\/maklary.wpfejleszto.com\/fr\/wp-json\/wp\/v2\/pages\/645\/revisions\/885"}],"wp:attachment":[{"href":"https:\/\/maklary.wpfejleszto.com\/fr\/wp-json\/wp\/v2\/media?parent=645"}],"curies":[{"name":"wp","href":"https:\/\/api.w.org\/{rel}","templated":true}]}}