{"id":652,"date":"2016-08-18T01:00:30","date_gmt":"2016-08-18T01:00:30","guid":{"rendered":"http:\/\/www.maklaryhumidors.com\/fr\/?page_id=652"},"modified":"2016-08-18T01:00:30","modified_gmt":"2016-08-18T01:00:30","slug":"entreprise","status":"publish","type":"page","link":"https:\/\/maklary.wpfejleszto.com\/fr\/entreprise\/","title":{"rendered":"Entreprise"},"content":{"rendered":"<div class=\"et_pb_section flex-center text-center et_section_regular\" style='background-color:#000000;'>\n\t\t\t\n\t\t\t\n\t\t\t\t\n\t\t\t\t<div class=\"et_pb_row\">\n\t\t\t<div class=\"et_pb_column et_pb_column_4_4\">\n\t\t\t<div class=\"et_pb_text et_pb_bg_layout_dark et_pb_text_align_left intro-text\">\n\t\t\t\n<h3 style=\"text-align: center;\">Maklary Humidors \u00e0 l\u2019 Inter-Tabac, Dortmund<\/h3>\n\n\t\t<\/div> <!-- .et_pb_text --><img src=\"http:\/\/www.maklaryhumidors.com\/wp-content\/uploads\/2014\/12\/company-bg.jpg\" alt=\"\" class=\"et-waypoint et_pb_image et_pb_animation_off\" \/><div class=\"et_pb_text et_pb_bg_layout_dark et_pb_text_align_left intro-text\">\n\t\t\t\n<p style=\"text-align: center;\">Maklary Humidors est une branche de Makl\u00e1ry Ltd., une soci\u00e9t\u00e9 \u00e9tablie en 2014 avec neuf ans d&#8217;exp\u00e9rience professionnelle, de d\u00e9veloppement de produits et de fabrication.<\/p>\n<p style=\"text-align: center;\">Zoltan Maklary a commenc\u00e9 la distribution des humidificateurs num\u00e9riques de qualit\u00e9 de cigares en 2005, agissant en tant que partenaire d&#8217;affaires de deux soci\u00e9t\u00e9s am\u00e9ricaines. En 2007, le portefeuille de la soci\u00e9t\u00e9 a \u00e9largi par la distribution des produits de deux humidificateurs europ\u00e9ens et un fabricant de humidor. Par 2009, nous avions vendu des milliers de premium humidificateurs de cigares et humidors. Avec quatre ans d&#8217;exp\u00e9rience et les \u00e9valuations de centaines de clients nous avons pu identifier pr\u00e9cis\u00e9ment les faiblesses techniques des humidificateurs et des humidors.<\/p>\n<p style=\"text-align: center;\">En 2009, apr\u00e8s avoir fum\u00e9 beaucoup de bons cigares, le fondateur Zoltan Maklary a d\u00e9cid\u00e9 de cr\u00e9er MCT, la gamme de produits de l&#8217;humidificateur ultime et Maklary Humidors, la famille humidor de luxe dont il a rev\u00e9.<\/p>\n\n\t\t<\/div> <!-- .et_pb_text -->\n\t\t<\/div> <!-- .et_pb_column -->\n\t\t<\/div> <!-- .et_pb_row -->\n\t\t\t\n\t\t<\/div> <!-- .et_pb_section -->\n","protected":false},"excerpt":{"rendered":"","protected":false},"author":3,"featured_media":0,"parent":0,"menu_order":0,"comment_status":"open","ping_status":"open","template":"","meta":[],"_links":{"self":[{"href":"https:\/\/maklary.wpfejleszto.com\/fr\/wp-json\/wp\/v2\/pages\/652"}],"collection":[{"href":"https:\/\/maklary.wpfejleszto.com\/fr\/wp-json\/wp\/v2\/pages"}],"about":[{"href":"https:\/\/maklary.wpfejleszto.com\/fr\/wp-json\/wp\/v2\/types\/page"}],"author":[{"embeddable":true,"href":"https:\/\/maklary.wpfejleszto.com\/fr\/wp-json\/wp\/v2\/users\/3"}],"replies":[{"embeddable":true,"href":"https:\/\/maklary.wpfejleszto.com\/fr\/wp-json\/wp\/v2\/comments?post=652"}],"version-history":[{"count":1,"href":"https:\/\/maklary.wpfejleszto.com\/fr\/wp-json\/wp\/v2\/pages\/652\/revisions"}],"predecessor-version":[{"id":653,"href":"https:\/\/maklary.wpfejleszto.com\/fr\/wp-json\/wp\/v2\/pages\/652\/revisions\/653"}],"wp:attachment":[{"href":"https:\/\/maklary.wpfejleszto.com\/fr\/wp-json\/wp\/v2\/media?parent=652"}],"curies":[{"name":"wp","href":"https:\/\/api.w.org\/{rel}","templated":true}]}}