{"id":666,"date":"2016-08-18T01:10:42","date_gmt":"2016-08-18T01:10:42","guid":{"rendered":"http:\/\/www.maklaryhumidors.com\/fr\/?page_id=666"},"modified":"2016-08-18T01:10:54","modified_gmt":"2016-08-18T01:10:54","slug":"grand-wine-humidor-fr","status":"publish","type":"page","link":"https:\/\/maklary.wpfejleszto.com\/fr\/grand-wine-humidor-fr\/","title":{"rendered":"Grand Wine Humidor"},"content":{"rendered":"<p><div class=\"et_pb_section et_pb_fullwidth_section full-screen  et_section_regular\" style='background-color:#000000;'>\n\t\t\t\n\t\t\t\n\t\t\t\t\n\t\t\t\t<section class=\"et_pb_fullwidth_header et_pb_bg_layout_dark et_pb_text_align_center product-header\">\n\t\t\t<div class=\"et_pb_row\">\n\t\t\t\t<h1>Grand Wine Humidor<\/h1>\n\t\t\t\t<p class=\"et_pb_fullwidth_header_subhead\">Le r\u00eave des amateurs de cigares et de bon vin. Un bijou pour la maison ou le bureau.<\/p>\n\t\t\t<\/div>\n\t\t<\/section><div class=\"et_pb_slider et_slider_auto et_slider_speed_3000\">\n\t\t\t<div class=\"et_pb_slides\">\n\t\t\t\t<div class=\"et_pb_slide et_pb_slide_with_image et_pb_bg_layout_dark et_pb_media_alignment_center\" style='background-color:#000000;'>\n\t\t\t\n\t\t\t<div class=\"et_pb_container clearfix\">\n\t\t\t\t<div class=\"et_pb_slide_image\"><img src=\"http:\/\/www.maklaryhumidors.com\/wp-content\/uploads\/2014\/11\/wine-slider-front-full-closed.jpg\" alt=\"\" \/><\/div>\n\t\t\t\t<div class=\"et_pb_slide_description\">\n\t\t\t\t\t\n\t\t\t\t\t<div class=\"et_pb_slide_content\"><\/div>\n\t\t\t\t\t\n\t\t\t\t<\/div> <!-- .et_pb_slide_description -->\n\t\t\t<\/div> <!-- .et_pb_container -->\n\t\t\t\n\t\t<\/div> <!-- .et_pb_slide -->\n\t\t<div class=\"et_pb_slide et_pb_slide_with_image et_pb_bg_layout_dark et_pb_media_alignment_center\" style='background-color:#000000;'>\n\t\t\t\n\t\t\t<div class=\"et_pb_container clearfix\">\n\t\t\t\t<div class=\"et_pb_slide_image\"><img src=\"http:\/\/www.maklaryhumidors.com\/wp-content\/uploads\/2014\/11\/wine-slider-front-full-dark.jpg\" alt=\"\" \/><\/div>\n\t\t\t\t<div class=\"et_pb_slide_description\">\n\t\t\t\t\t\n\t\t\t\t\t<div class=\"et_pb_slide_content\"><\/div>\n\t\t\t\t\t\n\t\t\t\t<\/div> <!-- .et_pb_slide_description -->\n\t\t\t<\/div> <!-- .et_pb_container -->\n\t\t\t\n\t\t<\/div> <!-- .et_pb_slide -->\n\t\t<div class=\"et_pb_slide et_pb_slide_with_image et_pb_bg_layout_dark et_pb_media_alignment_center\" style='background-color:#000000;'>\n\t\t\t\n\t\t\t<div class=\"et_pb_container clearfix\">\n\t\t\t\t<div class=\"et_pb_slide_image\"><img src=\"http:\/\/www.maklaryhumidors.com\/wp-content\/uploads\/2014\/11\/grand-slider-black-open.jpg\" alt=\"\" \/><\/div>\n\t\t\t\t<div class=\"et_pb_slide_description\">\n\t\t\t\t\t\n\t\t\t\t\t<div class=\"et_pb_slide_content\"><\/div>\n\t\t\t\t\t\n\t\t\t\t<\/div> <!-- .et_pb_slide_description -->\n\t\t\t<\/div> <!-- .et_pb_container -->\n\t\t\t\n\t\t<\/div> <!-- .et_pb_slide -->\n\t\t<div class=\"et_pb_slide et_pb_slide_with_image et_pb_bg_layout_dark et_pb_media_alignment_center\" style='background-color:#000000;'>\n\t\t\t\n\t\t\t<div class=\"et_pb_container clearfix\">\n\t\t\t\t<div class=\"et_pb_slide_image\"><img src=\"http:\/\/www.maklaryhumidors.com\/wp-content\/uploads\/2014\/11\/wine-humidor-home.jpg\" alt=\"\" \/><\/div>\n\t\t\t\t<div class=\"et_pb_slide_description\">\n\t\t\t\t\t\n\t\t\t\t\t<div class=\"et_pb_slide_content\"><\/div>\n\t\t\t\t\t\n\t\t\t\t<\/div> <!-- .et_pb_slide_description -->\n\t\t\t<\/div> <!-- .et_pb_container -->\n\t\t\t\n\t\t<\/div> <!-- .et_pb_slide -->\n\t\t\n\t\t\t<\/div> <!-- .et_pb_slides -->\n\t\t<\/div> <!-- .et_pb_slider -->\n\t\t\n\t\t\t\n\t\t<\/div> <!-- .et_pb_section --><div class=\"et_pb_section et_pb_text_align_center et_section_regular\" style='background-color:#000000;'>\n\t\t\t\n\t\t\t\n\t\t\t\t\n\t\t\t\t<div class=\"et_pb_row\">\n\t\t\t<div class=\"et_pb_column et_pb_column_4_4\">\n\t\t\t<div class=\"et_pb_text et_pb_bg_layout_dark et_pb_text_align_center\">\n\t\t\t\n<h4>De quoi conserver dans les meilleures conditions et sans nuisance sonore 500-800 cigares et 48 bouteilles de vin ou champagne.<\/h4>\n\n\t\t<\/div> <!-- .et_pb_text --><div class=\"et_pb_text et_pb_bg_layout_dark et_pb_text_align_center\">\n\t\t\tL\u2019armoire \u00e0 vin et cigares Maklary est enti\u00e8rement r\u00e9alis\u00e9e dans des bois massifs de qualit\u00e9 et b\u00e9n\u00e9ficie de toute une s\u00e9rie d\u2019innovations technologiques. Ses dimensions (205x70x60 cm), son poids (150 kg) et son apparence flatteuse forcent le respect. Essences de bois, finitions ou couleurs au choix. Exigence de qualit\u00e9 sans compromis \u00e0 tous les niveaux.\n\t\t<\/div> <!-- .et_pb_text -->\n\t\t<\/div> <!-- .et_pb_column -->\n\t\t<\/div> <!-- .et_pb_row -->\n\t\t\t\n\t\t<\/div> <!-- .et_pb_section --><div class=\"et_pb_section et_pb_inner_shadow et_pb_section_parallax grey-bg et_section_regular et_section_transparent\">\n\t\t\t<div class=\"et_parallax_bg\" style=\"background-image: url(http:\/\/www.maklaryhumidors.com\/wp-content\/uploads\/2014\/11\/cigar-tray-parallax-bg.jpg);\"><\/div>\n\t\t\t\n\t\t\t\t\n\t\t\t\t<div class=\"et_pb_row\">\n\t\t\t<div class=\"et_pb_column et_pb_column_4_4\">\n\t\t\t<div class=\"et_pb_text et_pb_bg_layout_dark et_pb_text_align_center\">\n\t\t\t\n<h3>Style<\/h3>\n<p>\u00c9l\u00e9gance intemporelle, \u00e0 la fois moderne et classique.<br \/>\nLes rebords arqu\u00e9s des espaces de rangement, propices aux jeux de lumiere, ainsi que le fraisage des plateaux font l\u2019objet de marques d\u00e9pos\u00e9es et participent int\u00e9gralement du design Maklary.\n\t\t<\/div> <!-- .et_pb_text --><div class=\"et_pb_text et_pb_bg_layout_dark et_pb_text_align_center\">\n\t\t\t\n<h3>Bois massif sur toute la ligne<\/h3>\n<p>Les humidors Maklary sont exclusivement r\u00e9alis\u00e9s dans des bois massifs de qualit\u00e9. Nous n\u2019utilisons jamais de contreplaqu\u00e9 ni de placage. Notre ambition est de cr\u00e9er avec les meilleurs bois des objets de qualit\u00e9 \u00e0 l\u2019\u00e9preuve du temps.\n\t\t<\/div> <!-- .et_pb_text --><div class=\"et_pb_text et_pb_bg_layout_dark et_pb_text_align_center\">\n\t\t\t\n<h3>Formes \u00e0 la demande<\/h3>\n<p>La forme de la porte, la couleur du vitrage, ou encore l\u2019aspect du pied et du toit de l\u2019armoire sont personnalisables.\n\t\t<\/div> <!-- .et_pb_text --><div class=\"et_pb_text et_pb_bg_layout_dark et_pb_text_align_center\">\n\t\t\t\n<h3>Design unique<\/h3>\n<p>L\u2019ext\u00e9rieur de l\u2019armoire, qui est toujours en bois massif, peut \u00eatre r\u00e9alis\u00e9 \u00e0 partir de n\u2019importe quelle essence pourvu que le mat\u00e9riau ait la solidit\u00e9 requise. Les rev\u00eatements int\u00e9rieurs et les plateaux sont en c\u00e8dre espagnol. Outre les finitions en mat, soyeux ou brillant, le client peut demander une couleur. Nos artisans peuvent incruster votre blason ou r\u00e9aliser d\u2019autres gravures.\n\t\t<\/div> <!-- .et_pb_text -->\n\t\t<\/div> <!-- .et_pb_column -->\n\t\t<\/div> <!-- .et_pb_row -->\n\t\t\t\n\t\t<\/div> <!-- .et_pb_section --><div class=\"et_pb_section et_pb_section_parallax flex-center et_section_regular\" style='background-color:#000000;'>\n\t\t\t\n\t\t\t\n\t\t\t\t\n\t\t\t\t<div class=\"et_pb_row\">\n\t\t\t<div class=\"et_pb_column et_pb_column_1_2\">\n\t\t\t<img src=\"http:\/\/www.maklaryhumidors.com\/wp-content\/uploads\/2014\/11\/hinges1.jpg\" alt=\"\" class=\"et-waypoint et_pb_image et_pb_animation_off img-shadow\" \/>\n\t\t<\/div> <!-- .et_pb_column --><div class=\"et_pb_column et_pb_column_1_2\">\n\t\t\t<div class=\"et_pb_text et_pb_bg_layout_dark et_pb_text_align_left\">\n\t\t\t\n<h3>Ossature massive<\/h3>\n\n\t\t<\/div> <!-- .et_pb_text --><div class=\"et_pb_text et_pb_bg_layout_dark et_pb_text_align_left\">\n\t\t\tLes humidors Maklary sont faits pour durer. Pour \u00e9viter les d\u00e9formations, le poids de l\u2019armoire est retenu par une structure porteuse invisible plac\u00e9e entre l\u2019ext\u00e9rieur en bois massif et le rev\u00eatement int\u00e9rieur en c\u00e8dre espagnol.\n\t\t<\/div> <!-- .et_pb_text -->\n\t\t<\/div> <!-- .et_pb_column -->\n\t\t<\/div> <!-- .et_pb_row --><div class=\"et_pb_row\">\n\t\t\t<div class=\"et_pb_column et_pb_column_1_2\">\n\t\t\t<div class=\"et_pb_text et_pb_bg_layout_dark et_pb_text_align_right\">\n\t\t\t\n<h3>L\u2019unit\u00e9 de commnde centrale<\/h3>\n\n\t\t<\/div> <!-- .et_pb_text --><div class=\"et_pb_text et_pb_bg_layout_dark et_pb_text_align_right\">\n\t\t\tToute l\u2019\u00e9lectronique servant au pilotage des fonctions de l\u2019humidor se trouve dans un bo\u00eetier en bois massif de c\u00e8dre espagnol log\u00e9 dans une paroi lat\u00e9rale de l\u2019armoire. L\u2019afficheur est allemand, le capteur capacitif suisse et le processeur am\u00e9ricain. Pour chaque fonction, nous avons s\u00e9lectionn\u00e9 le composant le mieux adapt\u00e9.\n\t\t<\/div> <!-- .et_pb_text -->\n\t\t<\/div> <!-- .et_pb_column --><div class=\"et_pb_column et_pb_column_1_2\">\n\t\t\t<img src=\"http:\/\/www.maklaryhumidors.com\/wp-content\/uploads\/2014\/11\/digital-controller.jpg\" alt=\"\" class=\"et-waypoint et_pb_image et_pb_animation_off img-shadow\" \/>\n\t\t<\/div> <!-- .et_pb_column -->\n\t\t<\/div> <!-- .et_pb_row -->\n\t\t\t\n\t\t<\/div> <!-- .et_pb_section --><div class=\"et_pb_section et_pb_section_parallax et_section_regular\" style='background-color:#000000;'>\n\t\t\t<div class=\"et_parallax_bg\" style=\"background-image: url(http:\/\/www.maklaryhumidors.com\/wp-content\/uploads\/2014\/11\/vertigo-parallax-bg.jpg);\"><\/div>\n\t\t\t\n\t\t\t\t\n\t\t\t\t<div class=\"et_pb_row\">\n\t\t\t<div class=\"et_pb_column et_pb_column_4_4\">\n\t\t\t<div class=\"et_pb_text et_pb_bg_layout_dark et_pb_text_align_center\">\n\t\t\t\n<h3>\u00c9clairage int\u00e9rieur<\/h3>\n<p>Deux rang\u00e9es de LEDs sont dissimul\u00e9es \u00e0 la verticale des deux c\u00f4t\u00e9s de l\u2019armoire. Gr\u00e2ce au g\u00e9nie de nos concepteurs, elles offrent, la nuit tomb\u00e9e, une exp\u00e9rience visuelle m\u00e9morable.\n\t\t<\/div> <!-- .et_pb_text -->\n\t\t<\/div> <!-- .et_pb_column -->\n\t\t<\/div> <!-- .et_pb_row -->\n\t\t\t\n\t\t<\/div> <!-- .et_pb_section --><div class=\"et_pb_section grey-bg et_section_regular et_section_transparent\" style='background-image:url(http:\/\/www.maklaryhumidors.com\/wp-content\/uploads\/2014\/11\/hinges-bg-left.jpg);'>\n\t\t\t\n\t\t\t\n\t\t\t\t\n\t\t\t\t<div class=\"et_pb_row\">\n\t\t\t<div class=\"et_pb_column et_pb_column_4_4\">\n\t\t\t<div class=\"et_pb_text et_pb_bg_layout_dark et_pb_text_align_center\">\n\t\t\t\n<h3>Maintenance<\/h3>\n<p>En cas de panne, la remise en route est grandement facilit\u00e9e par l\u2019affectation de chacun des composants \u00e9lectroniques \u00e0 des modules rempla\u00e7ables sans l\u2019intervention d\u2019un technicien.\n\t\t<\/div> <!-- .et_pb_text -->\n\t\t<\/div> <!-- .et_pb_column -->\n\t\t<\/div> <!-- .et_pb_row -->\n\t\t\t\n\t\t<\/div> <!-- .et_pb_section --><div class=\"et_pb_section flex-center et_section_regular\" style='background-color:#000000;'>\n\t\t\t\n\t\t\t\n\t\t\t\t\n\t\t\t\t<div class=\"et_pb_row\">\n\t\t\t<div class=\"et_pb_column et_pb_column_4_4\">\n\t\t\t<div class=\"et_pb_text et_pb_bg_layout_dark et_pb_text_align_center\">\n\t\t\t\n<h3>Le Compartiment de Cigares<\/h3>\n\n\t\t<\/div> <!-- .et_pb_text -->\n\t\t<\/div> <!-- .et_pb_column -->\n\t\t<\/div> <!-- .et_pb_row --><div class=\"et_pb_row\">\n\t\t\t<div class=\"et_pb_column et_pb_column_1_2\">\n\t\t\t<div class=\"et_pb_text et_pb_bg_layout_dark et_pb_text_align_right\">\n\t\t\t\n<h3>Humidification num\u00e9rique<\/h3>\n<p>Un conduit d\u2019a\u00e9ration r\u00e9partit uniform\u00e9ment entre les diff\u00e9rents plateaux\/niveaux l\u2019air humide g\u00e9n\u00e9r\u00e9 par un humidificateur haute performance MCT XL sp\u00e9cialement con\u00e7u pour cette armoire.\n\t\t<\/div> <!-- .et_pb_text -->\n\t\t<\/div> <!-- .et_pb_column --><div class=\"et_pb_column et_pb_column_1_2\">\n\t\t\t<img src=\"http:\/\/www.maklaryhumidors.com\/wp-content\/uploads\/2014\/11\/digital-humidification.jpg\" alt=\"\" class=\"et-waypoint et_pb_image et_pb_animation_off\" \/>\n\t\t<\/div> <!-- .et_pb_column -->\n\t\t<\/div> <!-- .et_pb_row -->\n\t\t\t\n\t\t<\/div> <!-- .et_pb_section --><div class=\"et_pb_section et_pb_section_parallax et_section_regular\" style='background-color:#000000;'>\n\t\t\t<div class=\"et_parallax_bg\" style=\"background-image: url(http:\/\/www.maklaryhumidors.com\/wp-content\/uploads\/2014\/11\/individual-trays-parallax-bg.jpg);\"><\/div>\n\t\t\t\n\t\t\t\t\n\t\t\t\t<div class=\"et_pb_row\">\n\t\t\t<div class=\"et_pb_column et_pb_column_4_4\">\n\t\t\t<div class=\"et_pb_text et_pb_bg_layout_dark et_pb_text_align_center\">\n\t\t\t\n<h3>Disposition int\u00e9rieure \u2013 Plateaux en option<\/h3>\n<p>Chaque plateau a pour base une planche de 8 mm d\u2019\u00e9paisseur en bois massif (c\u00e8dre espagnol) sur laquelle est frais\u00e9 un motif variant d\u2019un acheteur \u00e0 l\u2019autre. Ce motif \u00e0 la fois fonctionnel et esth\u00e9tique vise \u00e0 mettre chaque cigare au contact de l\u2019air humide sur la plus grande surface possible. Chaque plateau est extractible et coulisse sur des rails invisibles \u00e0 la mani\u00e8re d\u2019un tiroir.\n\t\t<\/div> <!-- .et_pb_text --><div class=\"et_pb_text et_pb_bg_layout_dark et_pb_text_align_center\">\n\t\t\t\n<h3>Composer votre humidor Maklary \u00e0 votre guise avec les \u00e9l\u00e9ments modulables suivants:<\/h3>\n\n\t\t<\/div> <!-- .et_pb_text -->\n\t\t<\/div> <!-- .et_pb_column -->\n\t\t<\/div> <!-- .et_pb_row --><div class=\"et_pb_row\">\n\t\t\t<div class=\"et_pb_column et_pb_column_1_2\">\n\t\t\t<div class=\"et_pb_text et_pb_bg_layout_dark et_pb_text_align_center\">\n\t\t\t\n<h3>Plateau inclin\u00e9:<\/h3>\n\n\t\t<\/div> <!-- .et_pb_text --><img src=\"http:\/\/www.maklaryhumidors.com\/wp-content\/uploads\/2014\/11\/slanted-tray.jpg\" alt=\"\" class=\"et-waypoint et_pb_image et_pb_animation_off img-shadow \" \/><div class=\"et_pb_text et_pb_bg_layout_dark et_pb_text_align_center\">\n\t\t\tCe mod\u00e8le dont nous d\u00e9tenons la marque permet la libre r\u00e9partition entre les compartiments.<br \/>\nDimensions par types de cigare: 132 mm pour les plus petits (robusto, corona, etc.), puis 160 mm (piramide, corona grande), 180 mm (lonsdale, churchill, lanceros, double corona), et enfin pour les cigares aux dimensions sp\u00e9ciales, 250 mm. Un plateau peut h\u00e9berger de 100 \u00e0 150 cigares.\n\t\t<\/div> <!-- .et_pb_text -->\n\t\t<\/div> <!-- .et_pb_column --><div class=\"et_pb_column et_pb_column_1_2\">\n\t\t\t<div class=\"et_pb_text et_pb_bg_layout_dark et_pb_text_align_center\">\n\t\t\t\n<h3>Plateau pour bo\u00eetes<\/h3>\n\n\t\t<\/div> <!-- .et_pb_text --><img src=\"http:\/\/www.maklaryhumidors.com\/wp-content\/uploads\/2014\/11\/box-tray.jpg\" alt=\"\" class=\"et-waypoint et_pb_image et_pb_animation_off img-shadow \" \/><div class=\"et_pb_text et_pb_bg_layout_dark et_pb_text_align_center\">\n\t\t\t8 \u00e0 10 bo\u00eetes de cigares.\n\t\t<\/div> <!-- .et_pb_text -->\n\t\t<\/div> <!-- .et_pb_column -->\n\t\t<\/div> <!-- .et_pb_row -->\n\t\t\t\n\t\t<\/div> <!-- .et_pb_section --><div class=\"et_pb_section et_pb_section_parallax flex-center et_section_regular\" style='background-color:#000000;'>\n\t\t\t<div class=\"et_parallax_bg\" style=\"background-image: url(http:\/\/www.maklaryhumidors.com\/wp-content\/uploads\/2014\/11\/humidifying-parallax-bg.jpg);\"><\/div>\n\t\t\t\n\t\t\t\t\n\t\t\t\t<div class=\"et_pb_row\">\n\t\t\t<div class=\"et_pb_column et_pb_column_4_4\">\n\t\t\t<div class=\"et_pb_text et_pb_bg_layout_dark et_pb_text_align_center\">\n\t\t\t\n<h3>Technologies en option:<\/h3>\n<p>Outre un taux d\u2019humidit\u00e9 constant de l\u2019ordre de 70 %, la conservation des cigares exige une temp\u00e9rature ambiante autour de 20 degr\u00e9s. Si le local est maintenu \u00e0 cette temp\u00e9rature en toute saison, l\u2019armoire peut se passer d\u2019une climatisation propre (isolation thermique, refroidissement, r\u00e9chauffement, avec tout ce que cela implique de brassage d\u2019air suppl\u00e9mentaire). Sinon, Maklary propose une s\u00e9rie de solutions adapt\u00e9es:\n\t\t<\/div> <!-- .et_pb_text --><div class=\"et_pb_text et_pb_bg_layout_dark et_pb_text_align_center\">\n\t\t\t\n<h3>Brassage d\u2019air<\/h3>\n<p>Ce syst\u00e8me de ventilation d\u2019une grande efficacit\u00e9 est lui aussi une innovation de la marque: l\u2019air aspir\u00e9 \u00e0 chaque niveau par les ventilateurs est d\u2019abord m\u00e9lang\u00e9 dans un conduit d\u2019a\u00e9ration dissimul\u00e9 du c\u00f4t\u00e9 gauche de l\u2019armoire avant d\u2019\u00eatre r\u00e9inject\u00e9 de l\u2019autre c\u00f4t\u00e9 (\u00e0 droite) pour ventiler uniform\u00e9ment chacun des plateaux.\n\t\t<\/div> <!-- .et_pb_text --><div class=\"et_pb_text et_pb_bg_layout_dark et_pb_text_align_center\">\n\t\t\t\n<h3>D\u00e9sinfection de l\u2019air par rayonnement ultra-violet<\/h3>\n<p>S\u2019ajoutant au brassage d\u2019air, cette technologie Maklary consiste en deux lampes UVC germicides qui s\u2019allument lorsque les ventilateurs entrent en action dans le conduit d\u2019a\u00e9ration pour d\u00e9truire les organismes nocifs, tels que spores de moisissure et bact\u00e9ries.\n\t\t<\/div> <!-- .et_pb_text --><div class=\"et_pb_text et_pb_bg_layout_dark et_pb_text_align_center\">\n\t\t\t\n<h3>Chauffage par brassage<\/h3>\n<p>Sp\u00e9cialement con\u00e7u pour \u00e9quiper ces armoires, le dispositif de chauffage est log\u00e9 dans son propre conduit d\u2019a\u00e9ration, lui-m\u00eame dissimul\u00e9 par le rev\u00eatement en bois de c\u00e8dre de l\u2019arri\u00e8re du meuble. Gr\u00e2ce \u00e0 la conception unique du conduit d\u2019a\u00e9ration, les ventilateurs r\u00e9partissent uniform\u00e9ment l\u2019air r\u00e9chauff\u00e9 entre les diff\u00e9rents niveaux.\n\t\t<\/div> <!-- .et_pb_text -->\n\t\t<\/div> <!-- .et_pb_column -->\n\t\t<\/div> <!-- .et_pb_row --><div class=\"et_pb_row\">\n\t\t\t<div class=\"et_pb_column et_pb_column_1_2\">\n\t\t\t<div class=\"et_pb_text et_pb_bg_layout_dark et_pb_text_align_right\">\n\t\t\t\n<h3>Isolation thermique:<\/h3>\n<p>Le triple vitrage et la couche d\u2019isolation thermique de 4 cm d\u2019\u00e9paisseur entre l\u2019enveloppe ext\u00e9rieure et le rev\u00eatement int\u00e9rieur en c\u00e8dre conf\u00e8rent \u00e0 ce meuble exclusif toutes les qualit\u00e9s d\u2019un r\u00e9frig\u00e9rateur.\n\t\t<\/div> <!-- .et_pb_text -->\n\t\t<\/div> <!-- .et_pb_column --><div class=\"et_pb_column et_pb_column_1_2\">\n\t\t\t<img src=\"http:\/\/www.maklaryhumidors.com\/wp-content\/uploads\/2014\/11\/thermal-insulation.jpg\" alt=\"\" class=\"et-waypoint et_pb_image et_pb_animation_off\" \/>\n\t\t<\/div> <!-- .et_pb_column -->\n\t\t<\/div> <!-- .et_pb_row --><div class=\"et_pb_row\">\n\t\t\t<div class=\"et_pb_column et_pb_column_1_2\">\n\t\t\t<img src=\"http:\/\/www.maklaryhumidors.com\/wp-content\/uploads\/2014\/11\/convection-cooling.jpg\" alt=\"\" class=\"et-waypoint et_pb_image et_pb_animation_off\" \/>\n\t\t<\/div> <!-- .et_pb_column --><div class=\"et_pb_column et_pb_column_1_2\">\n\t\t\t<div class=\"et_pb_text et_pb_bg_layout_dark et_pb_text_align_left\">\n\t\t\t\n<h3>Un refroidissement par brassage aussi puissant que silencieux<\/h3>\n<p>L\u00e0 encore, il s\u2019agit d\u2019une solution sp\u00e9cialement mise au point par Maklary pour recr\u00e9er la temp\u00e9rature ambiante et le taux d\u2019humidit\u00e9 de l\u2019air d\u2019une cave \u00e0 vin:<\/p>\n<ul>\n<li>une temp\u00e9rature constante et suffisamment fraiche pour les cigares et bouteilles est assur\u00e9e par un refroidisseur int\u00e9gr\u00e9 au conduit d\u2019a\u00e9ration. Des ventilateurs r\u00e9partis entre les diff\u00e9rents niveaux r\u00e9injectent l\u2019air r\u00e9frig\u00e9r\u00e9 uniform\u00e9ment dans toute l\u2019armoire<\/li>\n<li>un compresseur inverter allemand optimalement calibr\u00e9 s\u2019av\u00e8re tr\u00e8s performant m\u00eame en phase silencieuse, pendant le cycle de base (vitesse de rotation basse)<\/li>\n<li>et pour absorber encore plus (70 %) du peu de bruit restant, les concepteurs ont ins\u00e9r\u00e9 ce compresseur d\u00e9j\u00e0 presque silencieux dans un bo\u00eetier insonoris\u00e9<\/li>\n<li>si n\u00e9cessaire, le rotation peut \u00eatre acc\u00e9l\u00e9r\u00e9e pour un rendement maximal<\/li>\n<li>la suspension du compresseur a \u00e9t\u00e9 \u00e9tudi\u00e9e de mani\u00e8re \u00e0 emp\u00eacher toute vibration.<\/li>\n<\/ul>\n\n\t\t<\/div> <!-- .et_pb_text -->\n\t\t<\/div> <!-- .et_pb_column -->\n\t\t<\/div> <!-- .et_pb_row -->\n\t\t\t\n\t\t<\/div> <!-- .et_pb_section --><div class=\"et_pb_section et_pb_section_parallax flex-center et_section_regular\" style='background-color:#000000;'>\n\t\t\t<div class=\"et_parallax_bg\" style=\"background-image: url(http:\/\/www.maklaryhumidors.com\/wp-content\/uploads\/2014\/11\/wine-tray-parallax-bg.jpg);\"><\/div>\n\t\t\t\n\t\t\t\t\n\t\t\t\t<div class=\"et_pb_row\">\n\t\t\t<div class=\"et_pb_column et_pb_column_4_4\">\n\t\t\t<div class=\"et_pb_text et_pb_bg_layout_dark et_pb_text_align_center\">\n\t\t\t\n<h3>Le Compartiment de Vin<\/h3>\n\n\t\t<\/div> <!-- .et_pb_text --><div class=\"et_pb_text et_pb_bg_layout_dark et_pb_text_align_left\">\n\t\t\t\n<h3>Un refroidissement par brassage aussi puissant que silencieux<\/h3>\n<p>L\u00e0 encore, il s\u2019agit d\u2019une solution sp\u00e9cialement mise au point par Maklary pour recr\u00e9er la temp\u00e9rature ambiante et le taux d\u2019humidit\u00e9 de l\u2019air d\u2019une cave \u00e0 vin:<\/p>\n<ul>\n<li>une temp\u00e9rature constante et suffisamment fraiche pour les cigares et bouteilles est assur\u00e9e par un refroidisseur int\u00e9gr\u00e9 au conduit d\u2019a\u00e9ration. Des ventilateurs r\u00e9partis entre les diff\u00e9rents niveaux r\u00e9injectent l\u2019air r\u00e9frig\u00e9r\u00e9 uniform\u00e9ment dans toute l\u2019armoire<\/li>\n<li>un compresseur inverter allemand optimalement calibr\u00e9 s\u2019av\u00e8re tr\u00e8s performant m\u00eame en phase silencieuse, pendant le cycle de base (vitesse de rotation basse)<\/li>\n<li>et pour absorber encore plus (70 %) du peu de bruit restant, les concepteurs ont ins\u00e9r\u00e9 ce compresseur d\u00e9j\u00e0 presque silencieux dans un bo\u00eetier insonoris\u00e9<\/li>\n<li>si n\u00e9cessaire, le rotation peut \u00eatre acc\u00e9l\u00e9r\u00e9e pour un rendement maximal<\/li>\n<li>la suspension du compresseur a \u00e9t\u00e9 \u00e9tudi\u00e9e de mani\u00e8re \u00e0 emp\u00eacher toute vibration.<\/li>\n<\/ul>\n\n\t\t<\/div> <!-- .et_pb_text -->\n\t\t<\/div> <!-- .et_pb_column -->\n\t\t<\/div> <!-- .et_pb_row --><div class=\"et_pb_row\">\n\t\t\t<div class=\"et_pb_column et_pb_column_4_4\">\n\t\t\t<div class=\"et_pb_text et_pb_bg_layout_dark et_pb_text_align_center\">\n\t\t\t\n<h3>Plateaux en option<\/h3>\n\n\t\t<\/div> <!-- .et_pb_text -->\n\t\t<\/div> <!-- .et_pb_column -->\n\t\t<\/div> <!-- .et_pb_row --><div class=\"et_pb_row\">\n\t\t\t<div class=\"et_pb_column et_pb_column_1_2\">\n\t\t\t<img src=\"http:\/\/www.maklaryhumidors.com\/wp-content\/uploads\/2014\/11\/wine-champagne-trays.jpg\" alt=\"\" class=\"et-waypoint et_pb_image et_pb_animation_off img-shadow\" \/>\n\t\t<\/div> <!-- .et_pb_column --><div class=\"et_pb_column et_pb_column_1_2\">\n\t\t\t<div class=\"et_pb_text et_pb_bg_layout_dark et_pb_text_align_center\">\n\t\t\t\n<h3>Plateau \u00e0 vin<\/h3>\n<p>Chacun des plateaux peut accueillir six bouteilles de vin blanc ou rouge de formes et de tailles diff\u00e9rentes. Le mat\u00e9riau utilis\u00e9 est un aluminium qui ne se d\u00e9forme pas sous le poids des bouteilles. Le bord avant est en bois de c\u00e8dre espagnol conform\u00e9ment \u00e0 l\u2019identit\u00e9 visuelle de la marque. Le cadre du plateau r\u00e9tractible dissimule un m\u00e9canisme d\u2019auto-fermeture en douceur.\n\t\t<\/div> <!-- .et_pb_text --><div class=\"et_pb_text et_pb_bg_layout_dark et_pb_text_align_center\">\n\t\t\t\n<h3>Plateau \u00e0 champagne<\/h3>\n<p>En tous points identique au pr\u00e9c\u00e9dent, mais destin\u00e9, comme son nom l\u2019indique, au rangement des bouteilles de champagne (6, de toutes formes).\n\t\t<\/div> <!-- .et_pb_text -->\n\t\t<\/div> <!-- .et_pb_column -->\n\t\t<\/div> <!-- .et_pb_row -->\n\t\t\t\n\t\t<\/div> <!-- .et_pb_section --><\/p>\n","protected":false},"excerpt":{"rendered":"","protected":false},"author":3,"featured_media":0,"parent":0,"menu_order":0,"comment_status":"open","ping_status":"open","template":"","meta":[],"_links":{"self":[{"href":"https:\/\/maklary.wpfejleszto.com\/fr\/wp-json\/wp\/v2\/pages\/666"}],"collection":[{"href":"https:\/\/maklary.wpfejleszto.com\/fr\/wp-json\/wp\/v2\/pages"}],"about":[{"href":"https:\/\/maklary.wpfejleszto.com\/fr\/wp-json\/wp\/v2\/types\/page"}],"author":[{"embeddable":true,"href":"https:\/\/maklary.wpfejleszto.com\/fr\/wp-json\/wp\/v2\/users\/3"}],"replies":[{"embeddable":true,"href":"https:\/\/maklary.wpfejleszto.com\/fr\/wp-json\/wp\/v2\/comments?post=666"}],"version-history":[{"count":1,"href":"https:\/\/maklary.wpfejleszto.com\/fr\/wp-json\/wp\/v2\/pages\/666\/revisions"}],"predecessor-version":[{"id":667,"href":"https:\/\/maklary.wpfejleszto.com\/fr\/wp-json\/wp\/v2\/pages\/666\/revisions\/667"}],"wp:attachment":[{"href":"https:\/\/maklary.wpfejleszto.com\/fr\/wp-json\/wp\/v2\/media?parent=666"}],"curies":[{"name":"wp","href":"https:\/\/api.w.org\/{rel}","templated":true}]}}