{"id":681,"date":"2016-08-18T01:22:30","date_gmt":"2016-08-18T01:22:30","guid":{"rendered":"http:\/\/www.maklaryhumidors.com\/fr\/?page_id=681"},"modified":"2016-08-18T01:22:30","modified_gmt":"2016-08-18T01:22:30","slug":"vertigo-fr","status":"publish","type":"page","link":"https:\/\/maklary.wpfejleszto.com\/fr\/vertigo-fr\/","title":{"rendered":"Vertigo"},"content":{"rendered":"<p><div class=\"et_pb_section et_pb_fullwidth_section full-screen  et_section_regular\" style='background-color:#000000;'>\n\t\t\t\n\t\t\t\n\t\t\t\t\n\t\t\t\t<section class=\"et_pb_fullwidth_header et_pb_bg_layout_dark et_pb_text_align_center product-header\">\n\t\t\t<div class=\"et_pb_row\">\n\t\t\t\t<h1>Vertigo<\/h1>\n\t\t\t\t\n\t\t\t<\/div>\n\t\t<\/section><div class=\"et_pb_slider et_slider_auto et_slider_speed_5000\">\n\t\t\t<div class=\"et_pb_slides\">\n\t\t\t\t<div class=\"et_pb_slide et_pb_slide_with_image et_pb_bg_layout_dark et_pb_media_alignment_center\" style='background-color:#000000;'>\n\t\t\t\n\t\t\t<div class=\"et_pb_container clearfix\">\n\t\t\t\t<div class=\"et_pb_slide_image\"><img src=\"http:\/\/www.maklaryhumidors.com\/wp-content\/uploads\/2014\/11\/CJ1-1500-JPG.jpg\" alt=\"\" \/><\/div>\n\t\t\t\t<div class=\"et_pb_slide_description\">\n\t\t\t\t\t\n\t\t\t\t\t<div class=\"et_pb_slide_content\"><\/div>\n\t\t\t\t\t\n\t\t\t\t<\/div> <!-- .et_pb_slide_description -->\n\t\t\t<\/div> <!-- .et_pb_container -->\n\t\t\t\n\t\t<\/div> <!-- .et_pb_slide -->\n\t\t<div class=\"et_pb_slide et_pb_slide_with_image et_pb_bg_layout_dark et_pb_media_alignment_center\" style='background-color:#000000;'>\n\t\t\t\n\t\t\t<div class=\"et_pb_container clearfix\">\n\t\t\t\t<div class=\"et_pb_slide_image\"><img src=\"http:\/\/www.maklaryhumidors.com\/wp-content\/uploads\/2014\/11\/Vertigo-V.C.-15002.jpg\" alt=\"Vertigo Veuve Clicquot Limited Edition\" \/><\/div>\n\t\t\t\t<div class=\"et_pb_slide_description\">\n\t\t\t\t\t\n\t\t\t\t\t<div class=\"et_pb_slide_content\"><\/div>\n\t\t\t\t\t\n\t\t\t\t<\/div> <!-- .et_pb_slide_description -->\n\t\t\t<\/div> <!-- .et_pb_container -->\n\t\t\t\n\t\t<\/div> <!-- .et_pb_slide -->\n\t\t<div class=\"et_pb_slide et_pb_slide_with_image et_pb_bg_layout_dark et_pb_media_alignment_center\" style='background-color:#000000;'>\n\t\t\t\n\t\t\t<div class=\"et_pb_container clearfix\">\n\t\t\t\t<div class=\"et_pb_slide_image\"><img src=\"http:\/\/www.maklaryhumidors.com\/wp-content\/uploads\/2014\/11\/Vertigo-V.C.2-1500.jpg\" alt=\"\" \/><\/div>\n\t\t\t\t<div class=\"et_pb_slide_description\">\n\t\t\t\t\t\n\t\t\t\t\t<div class=\"et_pb_slide_content\"><\/div>\n\t\t\t\t\t\n\t\t\t\t<\/div> <!-- .et_pb_slide_description -->\n\t\t\t<\/div> <!-- .et_pb_container -->\n\t\t\t\n\t\t<\/div> <!-- .et_pb_slide -->\n\t\t<div class=\"et_pb_slide et_pb_slide_with_image et_pb_bg_layout_dark et_pb_media_alignment_center\" style='background-color:#000000;'>\n\t\t\t\n\t\t\t<div class=\"et_pb_container clearfix\">\n\t\t\t\t<div class=\"et_pb_slide_image\"><img src=\"http:\/\/www.maklaryhumidors.com\/wp-content\/uploads\/2014\/11\/vertigo-white-open-side.jpg\" alt=\"\" \/><\/div>\n\t\t\t\t<div class=\"et_pb_slide_description\">\n\t\t\t\t\t\n\t\t\t\t\t<div class=\"et_pb_slide_content\"><\/div>\n\t\t\t\t\t\n\t\t\t\t<\/div> <!-- .et_pb_slide_description -->\n\t\t\t<\/div> <!-- .et_pb_container -->\n\t\t\t\n\t\t<\/div> <!-- .et_pb_slide -->\n\t\t<div class=\"et_pb_slide et_pb_slide_with_image et_pb_bg_layout_dark et_pb_media_alignment_center\" style='background-color:#000000;'>\n\t\t\t\n\t\t\t<div class=\"et_pb_container clearfix\">\n\t\t\t\t<div class=\"et_pb_slide_image\"><img src=\"http:\/\/www.maklaryhumidors.com\/wp-content\/uploads\/2014\/11\/vertigo-black-closed-side.jpg\" alt=\"\" \/><\/div>\n\t\t\t\t<div class=\"et_pb_slide_description\">\n\t\t\t\t\t\n\t\t\t\t\t<div class=\"et_pb_slide_content\"><\/div>\n\t\t\t\t\t\n\t\t\t\t<\/div> <!-- .et_pb_slide_description -->\n\t\t\t<\/div> <!-- .et_pb_container -->\n\t\t\t\n\t\t<\/div> <!-- .et_pb_slide -->\n\t\t<div class=\"et_pb_slide et_pb_slide_with_image et_pb_bg_layout_dark et_pb_media_alignment_center\" style='background-color:#000000;'>\n\t\t\t\n\t\t\t<div class=\"et_pb_container clearfix\">\n\t\t\t\t<div class=\"et_pb_slide_image\"><img src=\"http:\/\/www.maklaryhumidors.com\/wp-content\/uploads\/2014\/11\/vertigo-white-closed-front.jpg\" alt=\"\" \/><\/div>\n\t\t\t\t<div class=\"et_pb_slide_description\">\n\t\t\t\t\t\n\t\t\t\t\t<div class=\"et_pb_slide_content\"><\/div>\n\t\t\t\t\t\n\t\t\t\t<\/div> <!-- .et_pb_slide_description -->\n\t\t\t<\/div> <!-- .et_pb_container -->\n\t\t\t\n\t\t<\/div> <!-- .et_pb_slide -->\n\t\t<div class=\"et_pb_slide et_pb_slide_with_image et_pb_bg_layout_dark et_pb_media_alignment_center\" style='background-color:#000000;'>\n\t\t\t\n\t\t\t<div class=\"et_pb_container clearfix\">\n\t\t\t\t<div class=\"et_pb_slide_image\"><img src=\"http:\/\/www.maklaryhumidors.com\/wp-content\/uploads\/2014\/11\/vertigo-white-open-front.jpg\" alt=\"\" \/><\/div>\n\t\t\t\t<div class=\"et_pb_slide_description\">\n\t\t\t\t\t\n\t\t\t\t\t<div class=\"et_pb_slide_content\"><\/div>\n\t\t\t\t\t\n\t\t\t\t<\/div> <!-- .et_pb_slide_description -->\n\t\t\t<\/div> <!-- .et_pb_container -->\n\t\t\t\n\t\t<\/div> <!-- .et_pb_slide -->\n\t\t<div class=\"et_pb_slide et_pb_slide_with_image et_pb_bg_layout_dark et_pb_media_alignment_center\" style='background-color:#000000;'>\n\t\t\t\n\t\t\t<div class=\"et_pb_container clearfix\">\n\t\t\t\t<div class=\"et_pb_slide_image\"><img src=\"http:\/\/www.maklaryhumidors.com\/wp-content\/uploads\/2014\/11\/vertigo-black-closed-front.jpg\" alt=\"\" \/><\/div>\n\t\t\t\t<div class=\"et_pb_slide_description\">\n\t\t\t\t\t\n\t\t\t\t\t<div class=\"et_pb_slide_content\"><\/div>\n\t\t\t\t\t\n\t\t\t\t<\/div> <!-- .et_pb_slide_description -->\n\t\t\t<\/div> <!-- .et_pb_container -->\n\t\t\t\n\t\t<\/div> <!-- .et_pb_slide -->\n\t\t\n\t\t\t<\/div> <!-- .et_pb_slides -->\n\t\t<\/div> <!-- .et_pb_slider -->\n\t\t\n\t\t\t\n\t\t<\/div> <!-- .et_pb_section --><div class=\"et_pb_section et_pb_text_align_center et_section_regular\" style='background-color:#000000;'>\n\t\t\t\n\t\t\t\n\t\t\t\t\n\t\t\t\t<div class=\"et_pb_row\">\n\t\t\t<div class=\"et_pb_column et_pb_column_4_4\">\n\t\t\t<div class=\"et_pb_text et_pb_bg_layout_dark et_pb_text_align_center\">\n\t\t\t\n<h3>\u00c9l\u00e9gance. Style. Perfection jusque dans le moindre d\u00e9tail.<\/h3>\n<h4>A l\u2019instar de ses pr\u00e9d\u00e9cesseurs, Vertigo est le fruit du travail et de la pers\u00e9v\u00e9rance du concepteur de la collection, Zoltan Maklary. D\u00e8s le premier coup d\u2019\u0153il, ce coffret de luxe retient l\u2019attention par ses lignes \u00e9pur\u00e9es, ses courbes sensuelles et ses solutions innovantes.<\/h4>\n\n\t\t<\/div> <!-- .et_pb_text --><img src=\"http:\/\/www.maklaryhumidors.com\/wp-content\/uploads\/2014\/11\/vertigo-black-side1.png\" alt=\"\" class=\"et-waypoint et_pb_image et_pb_animation_off et_pb_text_align_center\" \/>\n\t\t<\/div> <!-- .et_pb_column -->\n\t\t<\/div> <!-- .et_pb_row -->\n\t\t\t\n\t\t<\/div> <!-- .et_pb_section --><div class=\"et_pb_section grey-bg et_section_regular et_section_transparent\">\n\t\t\t\n\t\t\t\n\t\t\t\t\n\t\t\t\t<div class=\"et_pb_row\">\n\t\t\t<div class=\"et_pb_column et_pb_column_4_4\">\n\t\t\t<div class=\"et_pb_text et_pb_bg_layout_dark et_pb_text_align_center\">\n\t\t\t\n<h3>Structure<\/h3>\n<p>\u00c0 l\u2019image des autres mod\u00e8les de la marque Maklary, cet article est enti\u00e8rement en bois massif. Une conception intelligente permet de dissimuler sur le c\u00f4t\u00e9 et \u00e0 l\u2019arri\u00e8re les deux accumulateurs haute performance, les chargeurs, les c\u00e2bles et l\u2019a\u00e9ration. Vertigo se distingue \u00e9galement du reste de l\u2019offre du march\u00e9 des humidors de luxe par ses dimensions hors normes: 80x38x15.<\/p>\n\n\t\t<\/div> <!-- .et_pb_text -->\n\t\t<\/div> <!-- .et_pb_column -->\n\t\t<\/div> <!-- .et_pb_row -->\n\t\t\t\n\t\t<\/div> <!-- .et_pb_section --><div class=\"et_pb_section flex-center et_section_regular\" style='background-color:#000000;'>\n\t\t\t\n\t\t\t\n\t\t\t\t\n\t\t\t\t<div class=\"et_pb_row\">\n\t\t\t<div class=\"et_pb_column et_pb_column_1_2\">\n\t\t\t<div class=\"et_pb_text et_pb_bg_layout_dark et_pb_text_align_right\">\n\t\t\t\n<h3>Le couvercle de verre<\/h3>\n<p>Une conception sophistiqu\u00e9e permet de cacher \u00e0 la vue de nombreux composants: un syst\u00e8me d\u2019\u00e9clairage innovant, le c\u00e2blage, des charni\u00e8res sp\u00e9ciales ainsi qu\u2019un capteur d\u2019ouverture. Autre gage de modernit\u00e9: une plaque en verre de s\u00e9curit\u00e9 de 8 mm d\u2019\u00e9paisseur, 100 % r\u00e9sistant aux UV, et, esth\u00e9tique oblige, de plain-pied avec le cadre en bois.\n\t\t<\/div> <!-- .et_pb_text -->\n\t\t<\/div> <!-- .et_pb_column --><div class=\"et_pb_column et_pb_column_1_2\">\n\t\t\t<img src=\"http:\/\/www.maklaryhumidors.com\/wp-content\/uploads\/2014\/11\/glass-lid.jpg\" alt=\"\" class=\"et-waypoint et_pb_image et_pb_animation_off img-shadow\" \/>\n\t\t<\/div> <!-- .et_pb_column -->\n\t\t<\/div> <!-- .et_pb_row -->\n\t\t\t\n\t\t<\/div> <!-- .et_pb_section --><div class=\"et_pb_section et_pb_section_parallax flex-center et_section_regular\" style='background-color:#000000;'>\n\t\t\t<div class=\"et_parallax_bg\" style=\"background-image: url(http:\/\/www.maklaryhumidors.com\/wp-content\/uploads\/2014\/11\/vertigo-parallax-bg.jpg);\"><\/div>\n\t\t\t\n\t\t\t\t\n\t\t\t\t<div class=\"et_pb_row\">\n\t\t\t<div class=\"et_pb_column et_pb_column_4_4\">\n\t\t\t<div class=\"et_pb_text et_pb_bg_layout_dark et_pb_text_align_center\">\n\t\t\t\n<h3>\u00c9clairage<\/h3>\n\n\t\t<\/div> <!-- .et_pb_text -->\n\t\t<\/div> <!-- .et_pb_column -->\n\t\t<\/div> <!-- .et_pb_row --><div class=\"et_pb_row\">\n\t\t\t<div class=\"et_pb_column et_pb_column_1_2\">\n\t\t\t<img src=\"http:\/\/www.maklaryhumidors.com\/wp-content\/uploads\/2014\/11\/vertigo-illumination.jpg\" alt=\"\" class=\"et-waypoint et_pb_image et_pb_animation_off img-shadow\" \/>\n\t\t<\/div> <!-- .et_pb_column --><div class=\"et_pb_column et_pb_column_1_2\">\n\t\t\t<div class=\"et_pb_text et_pb_bg_layout_dark et_pb_text_align_left\">\n\t\t\tCelui-ci est assur\u00e9 par 2 rang\u00e9es de 9 LEDs made in Japan ins\u00e9r\u00e9es dans une rainure en bois sur les ar\u00eates longitudinales du couvercle. L\u2019alimentation provient d\u2019un accumulateur d\u00e9di\u00e9 de 23,5 Ah (amp\u00e8re-heure) assurant 100 heures d\u2019\u00e9clairage d\u2019intensit\u00e9 maximale. Comme en \u00e9clairage nocturne moiti\u00e9 moins de luminosit\u00e9 suffit, on peut arriver \u00e0 pr\u00e8s de 300 heures d\u2019autonomie.\n\t\t<\/div> <!-- .et_pb_text -->\n\t\t<\/div> <!-- .et_pb_column -->\n\t\t<\/div> <!-- .et_pb_row --><div class=\"et_pb_row\">\n\t\t\t<div class=\"et_pb_column et_pb_column_1_2\">\n\t\t\t<div class=\"et_pb_text et_pb_bg_layout_dark et_pb_text_align_right\">\n\t\t\t\n<p>Deux boutons dispos\u00e9s \u00e0 l\u2019arri\u00e8re du coffret permettent d\u2019allumer\/\u00e9teindre les LEDs et de r\u00e9gler la luminosit\u00e9. Des plinthes judicieusement dispos\u00e9es \u00e9vitent la dispersion des faisceaux lumineux (puisqu\u2019il suffit d\u2019\u00e9clairer l\u2019int\u00e9rieur). \u00c0 l\u2019ouverture du couvercle, un capteur dissimul\u00e9 \u00e9teint les LEDs inf\u00e9rieures pour \u00e9viter l\u2019\u00e9blouissement, celles du haut fournissant un \u00e9clairage suffisant m\u00eame \u00e0 tiroir ouvert.<\/p>\n\n\t\t<\/div> <!-- .et_pb_text -->\n\t\t<\/div> <!-- .et_pb_column --><div class=\"et_pb_column et_pb_column_1_2\">\n\t\t\t<img src=\"http:\/\/www.maklaryhumidors.com\/wp-content\/uploads\/2014\/11\/vertigo-illumination-buttons.jpg\" alt=\"\" class=\"et-waypoint et_pb_image et_pb_animation_off img-shadow\" \/>\n\t\t<\/div> <!-- .et_pb_column -->\n\t\t<\/div> <!-- .et_pb_row -->\n\t\t\t\n\t\t<\/div> <!-- .et_pb_section --><div class=\"et_pb_section flex-center et_section_regular\" style='background-color:#000000;'>\n\t\t\t\n\t\t\t\n\t\t\t\t\n\t\t\t\t<div class=\"et_pb_row\">\n\t\t\t<div class=\"et_pb_column et_pb_column_1_2\">\n\t\t\t<img src=\"http:\/\/www.maklaryhumidors.com\/wp-content\/uploads\/2014\/11\/humidification.jpg\" alt=\"\" class=\"et-waypoint et_pb_image et_pb_animation_off img-shadow\" \/>\n\t\t<\/div> <!-- .et_pb_column --><div class=\"et_pb_column et_pb_column_1_2\">\n\t\t\t<div class=\"et_pb_text et_pb_bg_layout_dark et_pb_text_align_left\">\n\t\t\t\n<h3>Humidification<\/h3>\n<p>Sp\u00e9cialement con\u00e7u pour Vertigo, l\u2019humidificateur num\u00e9rique MCT peut fonctionner 3-4 mois avec une seule charge d\u2019accumulateur. Le liquide (3 dl) est stock\u00e9 sous la forme d\u2019un sachet de gel \u00e0 base de polym\u00e8re acrylique. L\u2019appareil en aluminium sp\u00e9cial, dont le teint s\u2019harmonise avec l\u2019int\u00e9rieur en bois de c\u00e8dre espagnol, est log\u00e9 dans le conduit d\u2019a\u00e9ration \u00e0 l\u2019arri\u00e8re du coffret entre les deux plateaux. Propuls\u00e9 \u00e0 travers 2 x 5 points d\u2019entr\u00e9e, l\u2019air humide se r\u00e9partit uniform\u00e9ment entre les plateaux et dans tout l\u2019espace int\u00e9rieur.<\/p>\n\n\t\t<\/div> <!-- .et_pb_text -->\n\t\t<\/div> <!-- .et_pb_column -->\n\t\t<\/div> <!-- .et_pb_row -->\n\t\t\t\n\t\t<\/div> <!-- .et_pb_section --><div class=\"et_pb_section flex-center et_section_regular\" style='background-color:#000000;'>\n\t\t\t\n\t\t\t\n\t\t\t\t\n\t\t\t\t<div class=\"et_pb_row\">\n\t\t\t<div class=\"et_pb_column et_pb_column_1_2\">\n\t\t\t<div class=\"et_pb_text et_pb_bg_layout_dark et_pb_text_align_right\">\n\t\t\t\n<h3>Commande num\u00e9rique<\/h3>\n<p>Compos\u00e9e d\u2019un capteur suisse, d\u2019un afficheur LCD allemand et d\u2019un processeur am\u00e9ricain \u2013 le tout ins\u00e9r\u00e9 dans un bo\u00eetier en c\u00e8dre espagnol massif &#8211;, l\u2019unit\u00e9 de commande des humidificateurs MCT peut se placer n\u2019importe o\u00f9 \u00e0 l\u2019int\u00e9rieur du coffret, et \u00e9met, le cas \u00e9ch\u00e9ant, des signaux sonores ou visuels.<\/p>\n\n\t\t<\/div> <!-- .et_pb_text -->\n\t\t<\/div> <!-- .et_pb_column --><div class=\"et_pb_column et_pb_column_1_2\">\n\t\t\t<img src=\"http:\/\/www.maklaryhumidors.com\/wp-content\/uploads\/2014\/11\/vertigo-digital-controller.png\" alt=\"\" class=\"et-waypoint et_pb_image et_pb_animation_off\" \/>\n\t\t<\/div> <!-- .et_pb_column -->\n\t\t<\/div> <!-- .et_pb_row -->\n\t\t\t\n\t\t<\/div> <!-- .et_pb_section --><div class=\"et_pb_section grey-bg et_section_regular et_section_transparent\" style='background-image:url(http:\/\/www.maklaryhumidors.com\/wp-content\/uploads\/2014\/11\/hinges-bg-left.jpg);'>\n\t\t\t\n\t\t\t\n\t\t\t\t\n\t\t\t\t<div class=\"et_pb_row\">\n\t\t\t<div class=\"et_pb_column et_pb_column_4_4\">\n\t\t\t<div class=\"et_pb_text et_pb_bg_layout_dark et_pb_text_align_center\">\n\t\t\t\n<h3>Charni\u00e8res cach\u00e9es<\/h3>\n<p>Du fait des dimensions inhabituelles de l\u2019humidor, une attention toute particuli\u00e8re a \u00e9t\u00e9 port\u00e9e \u00e0 la conception de l\u2019ext\u00e9rieur. Gr\u00e2ce \u00e0 un m\u00e9canisme d\u2019ouverture sp\u00e9cial, le couvercle ne d\u00e9passe jamais la limite du plan arri\u00e8re de l\u2019humidor, ce qui permet de ramener l\u2019\u00e9cart avec un mur ou tout autre objet limitrophe \u00e0 1 cm \u00e0 peine, soit pour vos cigares un gain de place d\u2019au moins 5 cm par rapport \u00e0 n\u2019importe quel produit concurrent s\u2019ouvrant vers le haut. Un m\u00e9canisme d\u2019absorption de charge int\u00e9gr\u00e9 aux charni\u00e8res \u2013 une technologie Maklary en attente de brevet &#8212; r\u00e9duit de 90 % l\u2019effort \u00e0 consentir pour soulever les 8 k du couvercle.<\/p>\n\n\t\t<\/div> <!-- .et_pb_text -->\n\t\t<\/div> <!-- .et_pb_column -->\n\t\t<\/div> <!-- .et_pb_row -->\n\t\t\t\n\t\t<\/div> <!-- .et_pb_section --><div class=\"et_pb_section et_pb_section_parallax flex-center et_section_regular et_section_transparent\">\n\t\t\t\n\t\t\t\n\t\t\t\t\n\t\t\t\t<div class=\"et_pb_row\">\n\t\t\t<div class=\"et_pb_column et_pb_column_1_2\">\n\t\t\t<img src=\"http:\/\/www.maklaryhumidors.com\/wp-content\/uploads\/2014\/11\/trays-side.jpg\" alt=\"\" class=\"et-waypoint et_pb_image et_pb_animation_left\" \/>\n\t\t<\/div> <!-- .et_pb_column --><div class=\"et_pb_column et_pb_column_1_2\">\n\t\t\t<div class=\"et_pb_text et_pb_bg_layout_dark et_pb_text_align_left\">\n\t\t\t\n<h3>Les plateaux<\/h3>\n<p>Les plateaux, comme tout l\u2019int\u00e9rieur de l\u2019humidor, sont en bois massif de c\u00e8dre espagnol. Leur compartimentation (modulable gr\u00e2ce \u00e0 des s\u00e9parateurs amovibles) est adapt\u00e9e aux tailles standard des cigares. La hauteur permet \u00e9galement le rangement de bo\u00eetes. Le contenu du plateau inf\u00e9rieur est quant \u00e0 lui dissimul\u00e9 dans un tiroir \u00e0 ouverture par pression. La capacit\u00e9 de rangement totale est de 300 \u00e0 400 cigares, dont cinquante, agencement original oblige, sont superbement dispos\u00e9s sur le plateau sup\u00e9rieur.<\/p>\n\n\t\t<\/div> <!-- .et_pb_text -->\n\t\t<\/div> <!-- .et_pb_column -->\n\t\t<\/div> <!-- .et_pb_row -->\n\t\t\t\n\t\t<\/div> <!-- .et_pb_section --><div class=\"et_pb_section et_pb_section_parallax grey-bg et_section_regular\" style='background-color:#000000;'>\n\t\t\t<div class=\"et_parallax_bg\" style=\"background-image: url(http:\/\/www.maklaryhumidors.com\/wp-content\/uploads\/2014\/11\/vertigo-trays-parallax.jpg);\"><\/div>\n\t\t\t\n\t\t\t\t\n\t\t\t\t<div class=\"et_pb_row\">\n\t\t\t<div class=\"et_pb_column et_pb_column_4_4\">\n\t\t\t<div class=\"et_pb_text et_pb_bg_layout_dark et_pb_text_align_center\">\n\t\t\t\n<h3>Confection sur mesure<\/h3>\n<p>Chacun des produits de la collection Maklary est r\u00e9alis\u00e9 en fonction des pr\u00e9f\u00e9rences de l\u2019acheteur, notamment pour le choix de l\u2019essence de bois massif dur et pour le lustrage (mat, soyeux ou brillant). Nous proposons \u00e9galement des finitions en couleur au lieu du maintien de l\u2019aspect naturel du bois. En cas de demandes particuli\u00e8res, nous faisons tout notre possible pour satisfaire au mieux les d\u00e9sid\u00e9rata de nos clients.\n\t\t<\/div> <!-- .et_pb_text -->\n\t\t<\/div> <!-- .et_pb_column -->\n\t\t<\/div> <!-- .et_pb_row -->\n\t\t\t\n\t\t<\/div> <!-- .et_pb_section --><\/p>\n","protected":false},"excerpt":{"rendered":"","protected":false},"author":3,"featured_media":0,"parent":0,"menu_order":0,"comment_status":"open","ping_status":"open","template":"","meta":[],"_links":{"self":[{"href":"https:\/\/maklary.wpfejleszto.com\/fr\/wp-json\/wp\/v2\/pages\/681"}],"collection":[{"href":"https:\/\/maklary.wpfejleszto.com\/fr\/wp-json\/wp\/v2\/pages"}],"about":[{"href":"https:\/\/maklary.wpfejleszto.com\/fr\/wp-json\/wp\/v2\/types\/page"}],"author":[{"embeddable":true,"href":"https:\/\/maklary.wpfejleszto.com\/fr\/wp-json\/wp\/v2\/users\/3"}],"replies":[{"embeddable":true,"href":"https:\/\/maklary.wpfejleszto.com\/fr\/wp-json\/wp\/v2\/comments?post=681"}],"version-history":[{"count":2,"href":"https:\/\/maklary.wpfejleszto.com\/fr\/wp-json\/wp\/v2\/pages\/681\/revisions"}],"predecessor-version":[{"id":711,"href":"https:\/\/maklary.wpfejleszto.com\/fr\/wp-json\/wp\/v2\/pages\/681\/revisions\/711"}],"wp:attachment":[{"href":"https:\/\/maklary.wpfejleszto.com\/fr\/wp-json\/wp\/v2\/media?parent=681"}],"curies":[{"name":"wp","href":"https:\/\/api.w.org\/{rel}","templated":true}]}}